{"id":996,"date":"2024-12-10T22:00:48","date_gmt":"2024-12-11T01:00:48","guid":{"rendered":"http:\/\/34.19.110.19\/?page_id=996"},"modified":"2026-01-23T11:17:05","modified_gmt":"2026-01-23T14:17:05","slug":"actividades-extracurriculares-2024-copy","status":"publish","type":"page","link":"https:\/\/webto.colegiomayor.cl\/?page_id=996","title":{"rendered":"\u00datiles Escolares 2026"},"content":{"rendered":"<div class=\"wpb-content-wrapper\"><p>[vc_row css=&#8221;.vc_custom_1491472723216{margin-bottom: 20px !important;}&#8221;][vc_column css=&#8221;.vc_custom_1490090587979{margin-bottom: 0px !important;}&#8221;][vc_custom_heading text=&#8221;\u00datiles Escolares 2026&#8243; font_container=&#8221;tag:h1|text_align:left&#8221; use_theme_fonts=&#8221;yes&#8221; css=&#8221;.vc_custom_1767745700328{margin-top: 0px !important;margin-bottom: 20px !important;}&#8221;][vc_row_inner][vc_column_inner][vc_column_text css=&#8221;&#8221;]<\/p>\n<blockquote>\n<p style=\"text-align: center;\"><em>Estimada Comunidad ponemos a su disposici\u00f3n las listas de \u00fatiles 2026 e informaci\u00f3n respecto al uniforme institucional.<\/em><\/p>\n<\/blockquote>\n<p>[\/vc_column_text][\/vc_column_inner][\/vc_row_inner][vc_column_text css=&#8221;&#8221;]<\/p>\n<p class=\"has-text-align-left\">La entrega de \u00fatiles desde Play Group\u00a0 a 2\u00b0 B\u00e1sico\u00a0 es el 3 de marzo de 8.30 a 12:00 horas.<\/p>\n<p class=\"has-text-align-left\">El buzo institucional es de Play Group a Cuarto B\u00e1sico. Desde 5\u00b0 a IV\u00b0 Medio se utilizar\u00e1 uniforme y buzo institucional, seg\u00fan lo indican las listas de \u00fatiles.<\/p>\n<p><strong>Actualizaci\u00f3n de 5\u00b0 a 8\u00b0 B\u00e1sico- Matem\u00e1tica- 12 de enero de 2026<\/strong>[\/vc_column_text][vc_column_text css=&#8221;&#8221;]<\/p>\n<div class=\"gmail_default\">\n<p class=\"gmail_default\" style=\"text-align: center;\"><strong>Compra de Textos\u00a0<\/strong><\/p>\n<div class=\"gmail_default\">\n<div class=\"gmail_default\"><u>Virtual<\/u>:\u00a0<a href=\"http:\/\/compra.ziemax.cl\/\" target=\"_blank\" rel=\"noopener\" data-saferedirecturl=\"https:\/\/www.google.com\/url?q=http:\/\/compra.ziemax.cl\/&amp;source=gmail&amp;ust=1768321466172000&amp;usg=AOvVaw2_JezJkvyy-_YRBc4JbMMD\">compra.ziemax.cl<\/a>\u00a0<wbr \/>Compra online con retiro en tienda sin costo o despacho cancelando el env\u00edo.<br \/>\n<u>Sala de ventas presencial:<\/u>\u00a0Avenida Nueva Las Condes 12265, local 25. Disponible desde el 15 de diciembre.<br \/>\nEn caso de hacer la compra presencial, indicar el colegio.<\/div>\n<div class=\"gmail_default\">Mail de contacto:\u00a0<a href=\"mailto:contacto@ziemax.cl\" target=\"_blank\" rel=\"noopener\">contacto@ziemax.cl<\/a><\/div>\n<\/div>\n<\/div>\n<div class=\"gmail_default\"><\/div>\n<div class=\"gmail_default\"><a href=\"https:\/\/webto.colegiomayor.cl\/wp-content\/uploads\/2026\/01\/Instructivo-compra-Ziemax-2025-2026-compra-en-linea.pdf\">Instructivo compra Ziemax 2025-2026 compra en linea.<\/a><\/div>\n<div><\/div>\n<p>[\/vc_column_text][vc_column_text css=&#8221;&#8221;]<\/p>\n<div class=\"gmail_default\"><\/div>\n<div><a href=\"https:\/\/www.booksandbits.cl\/book\/search\/college?college_id=9675770001T\" data-saferedirecturl=\"https:\/\/www.google.com\/url?q=https:\/\/www.booksandbits.cl\/book\/search\/college?college_id%3D9675770001T&amp;source=gmail&amp;ust=1769261363606000&amp;usg=AOvVaw1JBavP4CeWa3y75w0jg4Zn\">Booksandbits<\/a><\/div>\n<div>\n<p style=\"font-weight: 400;\">Enlace donde deben indicar el curso para poder realizar la compra online:<br \/>\n<a href=\"https:\/\/www.booksandbits.cl\/book\/search\/college?college_id=9675770001T\" data-saferedirecturl=\"https:\/\/www.google.com\/url?q=https:\/\/www.booksandbits.cl\/book\/search\/college?college_id%3D9675770001T&amp;source=gmail&amp;ust=1769261363606000&amp;usg=AOvVaw1JBavP4CeWa3y75w0jg4Zn\">https:\/\/www.booksandbits.cl\/book\/search\/college?college_id=9675770001T<\/a><\/p>\n<p style=\"font-weight: 400;\">Canales de atenci\u00f3n al cliente:<\/p>\n<p style=\"font-weight: 400;\">\u2022 Solo WhatsApp: +56 9 7142 1589<strong><br \/>\n<\/strong>\u2022 Correo :\u00a0<a href=\"mailto:contacto@booksandbits.cl\">contacto@booksandbits.cl<\/a><\/p>\n<p><a href=\"https:\/\/webto.colegiomayor.cl\/wp-content\/uploads\/2026\/01\/Instructivo-compras-web-BB.pdf\">Instructivo de compra<\/a><\/p>\n<\/div>\n<p>[\/vc_column_text][vc_column_text css=&#8221;&#8221;]<\/p>\n<blockquote>\n<table class=\"has-subtle-pale-pink-background-color has-background\">\n<tbody>\n<tr>\n<td style=\"text-align: left;\">\n<p style=\"text-align: center;\"><strong>Venta de Uniforme\u00a0 Institucional\u00a0<\/strong><\/p>\n<p>Falabella \u2013 Mall Plaza Tobalaba &#8211; <a href=\"https:\/\/www.falabella.com\/falabella-cl\/search?Ntt=colegio+mayor+tobalaba\">www.falabella.cl<\/a><\/td>\n<\/tr>\n<tr>\n<td>Maniqu\u00ed \/ Avenida Trinidad Oriente 724, La Florida \/+56966751189<\/td>\n<\/tr>\n<tr>\n<td>Maully \/ Avenida la Florida 9421\/ 228332667<\/td>\n<\/tr>\n<tr>\n<td>Centro Colegio \/ Avenida Vicu\u00f1a Mackenna 892, La Florida \/ 233434036<\/td>\n<\/tr>\n<tr>\n<td>Pachety\u00a0Uniformes\u00a0Escolares\/ Ingrid D\u00edaz +56 9 34534923\u2013\u00a0<a href=\"mailto:pacheti.uniformes@gmail.com\">pacheti.uniformes@gmail.com<\/a><\/p>\n<p>Mariela Cid Albornoz \/ Avenida Cerro Tronador #2250 , Puente Alto\/ +56987707790- 25019392.<\/td>\n<\/tr>\n<tr>\n<td>M\u00f3nica Prieto Navarro \/ +56995791185-\u00a0<a href=\"mailto:monyprieto35@gmail.com\">monyprieto35@gmail.com<\/a><\/td>\n<\/tr>\n<tr>\n<td>Mar\u00eda In\u00e9s Pino \/ +56981720171 \u2013 minespino34@hotmail.com \u2013 Ciudad del Este<\/td>\n<\/tr>\n<\/tbody>\n<\/table>\n<\/blockquote>\n<p>[\/vc_column_text][\/vc_column][\/vc_row][vc_row][vc_column][vc_custom_heading text=&#8221;DESCARGAR LISTAS&#8221; use_theme_fonts=&#8221;yes&#8221; css=&#8221;&#8221;][vc_raw_html css=&#8221;&#8221;]JTVCdGFibGUlMjBpZCUzRDIlMkYlNUQ=[\/vc_raw_html][vc_separator css=&#8221;&#8221;][\/vc_column][\/vc_row]<\/p>\n<\/div>","protected":false},"excerpt":{"rendered":"<p>[vc_row css=&#8221;.vc_custom_1491472723216{margin-bottom: 20px !important;}&#8221;][vc_column css=&#8221;.vc_custom_1490090587979{margin-bottom: 0px !important;}&#8221;][vc_custom_heading text=&#8221;\u00datiles Escolares 2026&#8243; font_container=&#8221;tag:h1|text_align:left&#8221; use_theme_fonts=&#8221;yes&#8221; css=&#8221;.vc_custom_1767745700328{margin-top: 0px !important;margin-bottom: 20px !important;}&#8221;][vc_row_inner][vc_column_inner][vc_column_text css=&#8221;&#8221;] Estimada Comunidad ponemos a su disposici\u00f3n las listas de \u00fatiles 2026 e informaci\u00f3n respecto al uniforme institucional. [\/vc_column_text][\/vc_column_inner][\/vc_row_inner][vc_column_text css=&#8221;&#8221;] La entrega de \u00fatiles desde Play Group\u00a0 a&nbsp;<a href=\"https:\/\/webto.colegiomayor.cl\/?page_id=996\">&hellip;<\/a><\/p>\n","protected":false},"author":1,"featured_media":0,"parent":978,"menu_order":1,"comment_status":"closed","ping_status":"closed","template":"template-sidebar-right-childpages.php","meta":{"content-type":"","footnotes":""},"class_list":["post-996","page","type-page","status-publish","hentry","odd"],"rttpg_featured_image_url":null,"rttpg_author":{"display_name":"josefariesco@gmail.com","author_link":"https:\/\/webto.colegiomayor.cl\/?author=1"},"rttpg_comment":0,"rttpg_category":null,"rttpg_excerpt":"[vc_row css=&#8221;.vc_custom_1491472723216{margin-bottom: 20px !important;}&#8221;][vc_column css=&#8221;.vc_custom_1490090587979{margin-bottom: 0px !important;}&#8221;][vc_custom_heading text=&#8221;\u00datiles Escolares 2026&#8243; font_container=&#8221;tag:h1|text_align:left&#8221; use_theme_fonts=&#8221;yes&#8221; css=&#8221;.vc_custom_1767745700328{margin-top: 0px !important;margin-bottom: 20px !important;}&#8221;][vc_row_inner][vc_column_inner][vc_column_text css=&#8221;&#8221;] Estimada Comunidad ponemos a su disposici\u00f3n las listas de \u00fatiles 2026 e informaci\u00f3n respecto al uniforme institucional. [\/vc_column_text][\/vc_column_inner][\/vc_row_inner][vc_column_text css=&#8221;&#8221;] La entrega de \u00fatiles desde Play Group\u00a0 a&nbsp;&hellip;","_links":{"self":[{"href":"https:\/\/webto.colegiomayor.cl\/index.php?rest_route=\/wp\/v2\/pages\/996","targetHints":{"allow":["GET"]}}],"collection":[{"href":"https:\/\/webto.colegiomayor.cl\/index.php?rest_route=\/wp\/v2\/pages"}],"about":[{"href":"https:\/\/webto.colegiomayor.cl\/index.php?rest_route=\/wp\/v2\/types\/page"}],"author":[{"embeddable":true,"href":"https:\/\/webto.colegiomayor.cl\/index.php?rest_route=\/wp\/v2\/users\/1"}],"replies":[{"embeddable":true,"href":"https:\/\/webto.colegiomayor.cl\/index.php?rest_route=%2Fwp%2Fv2%2Fcomments&post=996"}],"version-history":[{"count":33,"href":"https:\/\/webto.colegiomayor.cl\/index.php?rest_route=\/wp\/v2\/pages\/996\/revisions"}],"predecessor-version":[{"id":44355,"href":"https:\/\/webto.colegiomayor.cl\/index.php?rest_route=\/wp\/v2\/pages\/996\/revisions\/44355"}],"up":[{"embeddable":true,"href":"https:\/\/webto.colegiomayor.cl\/index.php?rest_route=\/wp\/v2\/pages\/978"}],"wp:attachment":[{"href":"https:\/\/webto.colegiomayor.cl\/index.php?rest_route=%2Fwp%2Fv2%2Fmedia&parent=996"}],"curies":[{"name":"wp","href":"https:\/\/api.w.org\/{rel}","templated":true}]}}