{"id":960,"date":"2024-12-10T19:32:53","date_gmt":"2024-12-10T22:32:53","guid":{"rendered":"http:\/\/34.19.110.19\/?page_id=960"},"modified":"2026-03-17T18:03:13","modified_gmt":"2026-03-17T21:03:13","slug":"proyecto-educativo-institucional-copy","status":"publish","type":"page","link":"https:\/\/webto.colegiomayor.cl\/?page_id=960","title":{"rendered":"Proyecto Educativo Institucional"},"content":{"rendered":"<div class=\"wpb-content-wrapper\"><p>[vc_row css=&#8221;.vc_custom_1487250199380{margin-bottom: 35px !important;}&#8221;][vc_column css=&#8221;.vc_custom_1490018662966{margin-bottom: 0px !important;}&#8221;][vc_custom_heading text=&#8221;Proyecto Educativo Institucional&#8221; font_container=&#8221;tag:h1|text_align:left&#8221; use_theme_fonts=&#8221;yes&#8221; css=&#8221;.vc_custom_1768852844263{margin-top: 0px !important;margin-bottom: 20px !important;}&#8221;][vc_custom_heading text=&#8221;Proyecto Educativo Institucional Colegio Mayor&#8221; font_container=&#8221;tag:h4|text_align:left&#8221; use_theme_fonts=&#8221;yes&#8221; css=&#8221;&#8221; link=&#8221;url:https%3A%2F%2Fwebto.colegiomayor.cl%2Fwp-content%2Fuploads%2F2026%2F01%2FAnexo-01.-Proyecto-Educativo-Institucional-PEI_compressed.pdf&#8221;][\/vc_column][\/vc_row][vc_row][vc_column css=&#8221;.vc_custom_1459847629856{margin-bottom: 0px !important;}&#8221;][vc_column_text css=&#8221;.vc_custom_1736285661822{padding-right: 20px !important;}&#8221;]El Colegio tiene el compromiso de desarrollar en todos sus integrantes, particularmente los\/as estudiantes, las habilidades y competencias que les permitan convivir e integrarse a la sociedad de manera activa, desenvuelta, con un claro compromiso con el desarrollo del pa\u00eds fundado en el aprendizaje y el conocimiento. Consecuentemente, las experiencias educativas son dise\u00f1adas y ejecutadas de una forma consciente y precisa, respetando sus intereses y expectativas para desarrollar habilidades y conocimientos de alto nivel, as\u00ed como actitudes que posibiliten una participaci\u00f3n responsable y \u00e9tica para consigo y la sociedad. Es as\u00ed como el Colegio se concibe como un espacio de aprendizaje constante y continuo. Todo lo que se vive y se observa se aprende. Desde que la persona entra al colegio hasta que sale, en un d\u00eda o una trayectoria, cada espacio y cada momento est\u00e1 dise\u00f1ado para el aprendizaje y cuidado de ella, particularmente de los estudiantes, para que aprendan a convivir con otros, desarrollen habilidades, conozcan y entiendan el mundo. Lo anterior resulta fundamental para formar parte de una sociedad en continuo cambio, en donde la Inteligencia Artificial, las nuevas tecnolog\u00edas y formas de relaci\u00f3n son un desaf\u00edo continuo. En este sentido, estamos ciertos de que enfrentar este desaf\u00edo implica interpelar a la cultura escolar hist\u00f3ricamente establecida, sus pr\u00e1cticas, representaciones y creencias que la sostienen, y desarrollar un modelo que no solo responda a esos avances, sino que, sobre todo, tenga una mirada propositiva y no meramente reactiva.[\/vc_column_text][\/vc_column][\/vc_row][vc_row css=&#8221;.vc_custom_1487773030229{margin-bottom: 35px !important;}&#8221;][vc_column width=&#8221;1\/2&#8243;]\n\t\t\t\t\t<a\n\t\t\t\thref=\"https:\/\/webto.colegiomayor.cl\/wp-content\/uploads\/2025\/01\/001-Proyecto_educativo-2024.pdf\"\n\t\t\t\tclass=\"wh-theme-icon vc_custom_1738357435320  scp_theme_icon-8ab2c962a710731c1a681bfcd22632dd\"\n\t\t\t\t\t\t\t\t\t\t\t\t\ttarget=\"_blank\"\n\t\t\t\t\t\t\t\t><i class=\"icon-edic_picture_as_pdf\"><\/i><\/a>\n\t\t\t\t[vc_custom_heading text=&#8221;Descargar&#8221; font_container=&#8221;tag:h5|text_align:left|color:%23000000&#8243; use_theme_fonts=&#8221;yes&#8221; css=&#8221;.vc_custom_1738357427646{margin-bottom: 10px !important;padding-left: 75px !important;}&#8221; link=&#8221;url:https%3A%2F%2Fwebto.colegiomayor.cl%2Fwp-content%2Fuploads%2F2025%2F01%2F001-Proyecto_educativo-2024.pdf|target:_blank&#8221;][vc_custom_heading text=&#8221;Documento Proyecto Educativo Institucional&#8221; font_container=&#8221;tag:p|text_align:left|color:%23aeafaf&#8221; use_theme_fonts=&#8221;yes&#8221; css=&#8221;.vc_custom_1768852863815{padding-left: 75px !important;}&#8221; link=&#8221;url:https%3A%2F%2Fwebto.colegiomayor.cl%2Fwp-content%2Fuploads%2F2026%2F01%2FAnexo-01.-Proyecto-Educativo-Institucional-PEI_compressed.pdf|target:_blank&#8221;][\/vc_column][vc_column width=&#8221;1\/2&#8243;]\n\t\t\t\t\t<a\n\t\t\t\thref=\"https:\/\/webto.colegiomayor.cl\/wp-content\/uploads\/2025\/01\/006_Reglamento_evaluacion_2024_final.pdf\"\n\t\t\t\tclass=\"wh-theme-icon vc_custom_1738357559085  scp_theme_icon-8fa596500e0dc1655c7f15ba725b70bd\"\n\t\t\t\t\t\t\t\t\t\t\t\t\ttarget=\"_blank\"\n\t\t\t\t\t\t\t\t><i class=\"icon-edic_picture_as_pdf\"><\/i><\/a>\n\t\t\t\t[vc_custom_heading text=&#8221;Descargar&#8221; font_container=&#8221;tag:h5|text_align:left|color:%23000000&#8243; use_theme_fonts=&#8221;yes&#8221; css=&#8221;.vc_custom_1740581710774{margin-bottom: 10px !important;padding-left: 75px !important;}&#8221; link=&#8221;url:https%3A%2F%2Fwebto.colegiomayor.cl%2Fwp-content%2Fuploads%2F2025%2F02%2FAnexo-06.-Reglamento-de-evaluacion.pdf|target:_blank&#8221;][vc_custom_heading text=&#8221;Reglamento de Evaluaci\u00f3n y Promoci\u00f3n&#8221; font_container=&#8221;tag:p|text_align:left|color:%23aeafaf&#8221; use_theme_fonts=&#8221;yes&#8221; css=&#8221;.vc_custom_1773781363937{padding-left: 75px !important;}&#8221; link=&#8221;url:https%3A%2F%2Fwebto.colegiomayor.cl%2Fwp-content%2Fuploads%2F2026%2F03%2FAnexo-06.-Reglamento-de-evaluacion-y-promocion-2026-v.D.pdf|target:_blank&#8221;][\/vc_column][\/vc_row][vc_row css=&#8221;.vc_custom_1487773030229{margin-bottom: 35px !important;}&#8221;][vc_column width=&#8221;1\/2&#8243;]\n\t\t\t\t\t<a\n\t\t\t\thref=\"https:\/\/webto.colegiomayor.cl\/?page_id=662\"\n\t\t\t\tclass=\"wh-theme-icon vc_custom_1738357038987  scp_theme_icon-d7304902b32497291feeef3bb893c903\"\n\t\t\t\t\t\t\t\t\ttitle=\"Reglamento\"\n\t\t\t\t\t\t\t\t\t\t\t\t><i class=\"icon-edic_link\"><\/i><\/a>\n\t\t\t\t[vc_custom_heading text=&#8221;Descargar&#8221; font_container=&#8221;tag:h5|text_align:left|color:%23000000&#8243; use_theme_fonts=&#8221;yes&#8221; css=&#8221;.vc_custom_1738357066960{margin-bottom: 10px !important;padding-left: 75px !important;}&#8221; link=&#8221;url:https%3A%2F%2Fwebto.colegiomayor.cl%2F%3Fpage_id%3D662|title:Reglamento%20Interno%20y%20de%20Convivencia%20Escolar&#8221;][vc_custom_heading text=&#8221;Reglamento Interno y Anexos&#8221; font_container=&#8221;tag:p|text_align:left|color:%23aeafaf&#8221; use_theme_fonts=&#8221;yes&#8221; css=&#8221;.vc_custom_1738357087797{padding-left: 75px !important;}&#8221; link=&#8221;url:https%3A%2F%2Fwebto.colegiomayor.cl%2F%3Fpage_id%3D662|title:Reglamento%20Interno%20y%20de%20Convivencia%20Escolar&#8221;][\/vc_column][vc_column width=&#8221;1\/2&#8243;][\/vc_column][\/vc_row]<\/p>\n<\/div>","protected":false},"excerpt":{"rendered":"<p>[vc_row css=&#8221;.vc_custom_1487250199380{margin-bottom: 35px !important;}&#8221;][vc_column css=&#8221;.vc_custom_1490018662966{margin-bottom: 0px !important;}&#8221;][vc_custom_heading text=&#8221;Proyecto Educativo Institucional&#8221; font_container=&#8221;tag:h1|text_align:left&#8221; use_theme_fonts=&#8221;yes&#8221; css=&#8221;.vc_custom_1768852844263{margin-top: 0px !important;margin-bottom: 20px !important;}&#8221;][vc_custom_heading text=&#8221;Proyecto Educativo Institucional Colegio Mayor&#8221; font_container=&#8221;tag:h4|text_align:left&#8221; use_theme_fonts=&#8221;yes&#8221; css=&#8221;&#8221; link=&#8221;url:https%3A%2F%2Fwebto.colegiomayor.cl%2Fwp-content%2Fuploads%2F2026%2F01%2FAnexo-01.-Proyecto-Educativo-Institucional-PEI_compressed.pdf&#8221;][\/vc_column][\/vc_row][vc_row][vc_column css=&#8221;.vc_custom_1459847629856{margin-bottom: 0px !important;}&#8221;][vc_column_text css=&#8221;.vc_custom_1736285661822{padding-right: 20px !important;}&#8221;]El Colegio tiene el compromiso de desarrollar en todos sus integrantes, particularmente los\/as estudiantes,&nbsp;<a href=\"https:\/\/webto.colegiomayor.cl\/?page_id=960\">&hellip;<\/a><\/p>\n","protected":false},"author":1,"featured_media":0,"parent":602,"menu_order":1,"comment_status":"closed","ping_status":"closed","template":"template-sidebar-right-childpages.php","meta":{"content-type":"","footnotes":""},"class_list":["post-960","page","type-page","status-publish","hentry","odd"],"rttpg_featured_image_url":null,"rttpg_author":{"display_name":"josefariesco@gmail.com","author_link":"https:\/\/webto.colegiomayor.cl\/?author=1"},"rttpg_comment":0,"rttpg_category":null,"rttpg_excerpt":"[vc_row css=&#8221;.vc_custom_1487250199380{margin-bottom: 35px !important;}&#8221;][vc_column css=&#8221;.vc_custom_1490018662966{margin-bottom: 0px !important;}&#8221;][vc_custom_heading text=&#8221;Proyecto Educativo Institucional&#8221; font_container=&#8221;tag:h1|text_align:left&#8221; use_theme_fonts=&#8221;yes&#8221; css=&#8221;.vc_custom_1768852844263{margin-top: 0px !important;margin-bottom: 20px !important;}&#8221;][vc_custom_heading text=&#8221;Proyecto Educativo Institucional Colegio Mayor&#8221; font_container=&#8221;tag:h4|text_align:left&#8221; use_theme_fonts=&#8221;yes&#8221; css=&#8221;&#8221; link=&#8221;url:https%3A%2F%2Fwebto.colegiomayor.cl%2Fwp-content%2Fuploads%2F2026%2F01%2FAnexo-01.-Proyecto-Educativo-Institucional-PEI_compressed.pdf&#8221;][\/vc_column][\/vc_row][vc_row][vc_column css=&#8221;.vc_custom_1459847629856{margin-bottom: 0px !important;}&#8221;][vc_column_text css=&#8221;.vc_custom_1736285661822{padding-right: 20px !important;}&#8221;]El Colegio tiene el compromiso de desarrollar en todos sus integrantes, particularmente los\/as estudiantes,&nbsp;&hellip;","_links":{"self":[{"href":"https:\/\/webto.colegiomayor.cl\/index.php?rest_route=\/wp\/v2\/pages\/960","targetHints":{"allow":["GET"]}}],"collection":[{"href":"https:\/\/webto.colegiomayor.cl\/index.php?rest_route=\/wp\/v2\/pages"}],"about":[{"href":"https:\/\/webto.colegiomayor.cl\/index.php?rest_route=\/wp\/v2\/types\/page"}],"author":[{"embeddable":true,"href":"https:\/\/webto.colegiomayor.cl\/index.php?rest_route=\/wp\/v2\/users\/1"}],"replies":[{"embeddable":true,"href":"https:\/\/webto.colegiomayor.cl\/index.php?rest_route=%2Fwp%2Fv2%2Fcomments&post=960"}],"version-history":[{"count":11,"href":"https:\/\/webto.colegiomayor.cl\/index.php?rest_route=\/wp\/v2\/pages\/960\/revisions"}],"predecessor-version":[{"id":44408,"href":"https:\/\/webto.colegiomayor.cl\/index.php?rest_route=\/wp\/v2\/pages\/960\/revisions\/44408"}],"up":[{"embeddable":true,"href":"https:\/\/webto.colegiomayor.cl\/index.php?rest_route=\/wp\/v2\/pages\/602"}],"wp:attachment":[{"href":"https:\/\/webto.colegiomayor.cl\/index.php?rest_route=%2Fwp%2Fv2%2Fmedia&parent=960"}],"curies":[{"name":"wp","href":"https:\/\/api.w.org\/{rel}","templated":true}]}}