{"id":850,"date":"2024-12-03T19:15:55","date_gmt":"2024-12-03T22:15:55","guid":{"rendered":"http:\/\/34.19.110.19\/?page_id=850"},"modified":"2026-03-17T13:17:41","modified_gmt":"2026-03-17T16:17:41","slug":"reglamento-copy","status":"publish","type":"page","link":"https:\/\/webto.colegiomayor.cl\/?page_id=850","title":{"rendered":"Vacantes"},"content":{"rendered":"<div class=\"wpb-content-wrapper\"><p>[vc_row css=&#8221;.vc_custom_1491472723216{margin-bottom: 20px !important;}&#8221;][vc_column css=&#8221;.vc_custom_1490090587979{margin-bottom: 0px !important;}&#8221;][vc_custom_heading text=&#8221;Vacantes 2027&#8243; font_container=&#8221;tag:h1|text_align:left&#8221; use_theme_fonts=&#8221;yes&#8221; css=&#8221;.vc_custom_1773764209424{margin-top: 0px !important;margin-bottom: 20px !important;}&#8221;][vc_row_inner][vc_column_inner][vc_column_text css=&#8221;&#8221;]A continuaci\u00f3n se detallan las vacantes disponible en marzo de 2026, para el <strong>Proceso de Admisi\u00f3n 2027.<\/strong><\/p>\n<p>Posteriormente, mes a mes se ir\u00e1n actualizando la disponibilidad de cupos ya que esto es variable.[\/vc_column_text][\/vc_column_inner][\/vc_row_inner][vc_separator css=&#8221;&#8221;][\/vc_column][\/vc_row][vc_row][vc_column][vc_column_text css=&#8221;&#8221;]<\/p>\n<blockquote><p><strong>Primer Ciclo<\/strong><\/p><\/blockquote>\n<p>[\/vc_column_text][vc_column_text css=&#8221;&#8221;]\n<table id=\"tablepress-3\" class=\"tablepress tablepress-id-3\">\n<thead>\n<tr class=\"row-1\">\n\t<th class=\"column-1\"> Curso<\/th><th class=\"column-2\"> <span style=\"font-size: 14px; font-weight: bold;\">Inicial<\/span><\/th><th class=\"column-3\"> <span style=\"font-size: 14px; font-weight: bold;\">Abril<\/span><\/th>\n<\/tr>\n<\/thead>\n<tbody class=\"row-striping row-hover\">\n<tr class=\"row-2\">\n\t<td class=\"column-1\"> Play Group Tarde<\/td><td class=\"column-2\"> 20<\/td><td class=\"column-3\"> 20<\/td>\n<\/tr>\n<tr class=\"row-3\">\n\t<td class=\"column-1\"> Pre K&iacute;nder Ma&ntilde;ana<\/td><td class=\"column-2\">46<\/td><td class=\"column-3\">46<\/td>\n<\/tr>\n<tr class=\"row-4\">\n\t<td class=\"column-1\"> K&iacute;nder Ma&ntilde;ana<\/td><td class=\"column-2\">39<\/td><td class=\"column-3\">39<\/td>\n<\/tr>\n<tr class=\"row-5\">\n\t<td class=\"column-1\"> 1\u00ba B\u00e1sico<\/td><td class=\"column-2\"> 10<\/td><td class=\"column-3\"> 10<\/td>\n<\/tr>\n<tr class=\"row-6\">\n\t<td class=\"column-1\"> 2&ordm; B&aacute;sico<\/td><td class=\"column-2\">2<\/td><td class=\"column-3\">2<\/td>\n<\/tr>\n<\/tbody>\n<\/table>\n[\/vc_column_text][\/vc_column][\/vc_row][vc_row][vc_column][vc_column_text css=&#8221;&#8221;]<\/p>\n<blockquote><p><strong>Segundo Ciclo<\/strong><\/p><\/blockquote>\n<p>[\/vc_column_text][vc_column_text css=&#8221;&#8221;]\n<table id=\"tablepress-4\" class=\"tablepress tablepress-id-4\">\n<thead>\n<tr class=\"row-1\">\n\t<th class=\"column-1\"> Curso<\/th><th class=\"column-2\"> <span style=\"font-size: 14px; font-weight: bold;\">Inicial<\/span><\/th><th class=\"column-3\"> <span style=\"font-size: 14px; font-weight: bold;\">Abril<\/span><\/th>\n<\/tr>\n<\/thead>\n<tbody class=\"row-striping row-hover\">\n<tr class=\"row-2\">\n\t<td class=\"column-1\"> 3&ordm; B&aacute;sico<\/td><td class=\"column-2\"> 3<\/td><td class=\"column-3\"> 3<\/td>\n<\/tr>\n<tr class=\"row-3\">\n\t<td class=\"column-1\"> 4&ordm; B&aacute;sico<\/td><td class=\"column-2\">5<\/td><td class=\"column-3\">5<\/td>\n<\/tr>\n<tr class=\"row-4\">\n\t<td class=\"column-1\"> 5&ordm; B&aacute;sico<\/td><td class=\"column-2\">2<\/td><td class=\"column-3\">2<\/td>\n<\/tr>\n<tr class=\"row-5\">\n\t<td class=\"column-1\"> 6&ordm; B&aacute;sico<\/td><td class=\"column-2\">2<\/td><td class=\"column-3\">2<\/td>\n<\/tr>\n<\/tbody>\n<\/table>\n[\/vc_column_text][\/vc_column][\/vc_row][vc_row][vc_column][vc_column_text css=&#8221;&#8221;]<\/p>\n<blockquote><p><strong>Tercer Ciclo<\/strong><\/p><\/blockquote>\n<p>[\/vc_column_text][vc_column_text css=&#8221;&#8221;]\n<table id=\"tablepress-5\" class=\"tablepress tablepress-id-5\">\n<thead>\n<tr class=\"row-1\">\n\t<th class=\"column-1\"> Curso<\/th><th class=\"column-2\"> <span style=\"font-size: 14px; font-weight: bold;\">Inicial<\/span><\/th><th class=\"column-3\"> <span style=\"font-size: 14px; font-weight: bold;\">Abril<\/span><\/th>\n<\/tr>\n<\/thead>\n<tbody class=\"row-striping row-hover\">\n<tr class=\"row-2\">\n\t<td class=\"column-1\"> 7&ordm; B&aacute;sico<\/td><td class=\"column-2\">Lista de Espera<\/td><td class=\"column-3\">Lista de Espera<\/td>\n<\/tr>\n<tr class=\"row-3\">\n\t<td class=\"column-1\"> 8&ordm; B&aacute;sico<\/td><td class=\"column-2\">1<\/td><td class=\"column-3\">1<\/td>\n<\/tr>\n<tr class=\"row-4\">\n\t<td class=\"column-1\"> I\u00ba Medio<\/td><td class=\"column-2\">2<\/td><td class=\"column-3\">2<\/td>\n<\/tr>\n<tr class=\"row-5\">\n\t<td class=\"column-1\"> II\u00ba Medio<\/td><td class=\"column-2\">2<\/td><td class=\"column-3\">2<\/td>\n<\/tr>\n<tr class=\"row-6\">\n\t<td class=\"column-1\">III\u00ba Medio<\/td><td class=\"column-2\">2<\/td><td class=\"column-3\">2<\/td>\n<\/tr>\n<tr class=\"row-7\">\n\t<td class=\"column-1\"> IV\u00ba Medio<\/td><td class=\"column-2\">0<\/td><td class=\"column-3\">0<\/td>\n<\/tr>\n<\/tbody>\n<\/table>\n[\/vc_column_text][\/vc_column][\/vc_row]<\/p>\n<\/div>","protected":false},"excerpt":{"rendered":"<p>[vc_row css=&#8221;.vc_custom_1491472723216{margin-bottom: 20px !important;}&#8221;][vc_column css=&#8221;.vc_custom_1490090587979{margin-bottom: 0px !important;}&#8221;][vc_custom_heading text=&#8221;Vacantes 2027&#8243; font_container=&#8221;tag:h1|text_align:left&#8221; use_theme_fonts=&#8221;yes&#8221; css=&#8221;.vc_custom_1773764209424{margin-top: 0px !important;margin-bottom: 20px !important;}&#8221;][vc_row_inner][vc_column_inner][vc_column_text css=&#8221;&#8221;]A continuaci\u00f3n se detallan las vacantes disponible en marzo de 2026, para el Proceso de Admisi\u00f3n 2027. Posteriormente, mes a mes se ir\u00e1n actualizando la disponibilidad de cupos ya&nbsp;<a href=\"https:\/\/webto.colegiomayor.cl\/?page_id=850\">&hellip;<\/a><\/p>\n","protected":false},"author":1,"featured_media":0,"parent":589,"menu_order":2,"comment_status":"closed","ping_status":"closed","template":"template-sidebar-right-childpages.php","meta":{"content-type":"","footnotes":""},"class_list":["post-850","page","type-page","status-publish","hentry","odd"],"rttpg_featured_image_url":null,"rttpg_author":{"display_name":"josefariesco@gmail.com","author_link":"https:\/\/webto.colegiomayor.cl\/?author=1"},"rttpg_comment":0,"rttpg_category":null,"rttpg_excerpt":"[vc_row css=&#8221;.vc_custom_1491472723216{margin-bottom: 20px !important;}&#8221;][vc_column css=&#8221;.vc_custom_1490090587979{margin-bottom: 0px !important;}&#8221;][vc_custom_heading text=&#8221;Vacantes 2027&#8243; font_container=&#8221;tag:h1|text_align:left&#8221; use_theme_fonts=&#8221;yes&#8221; css=&#8221;.vc_custom_1773764209424{margin-top: 0px !important;margin-bottom: 20px !important;}&#8221;][vc_row_inner][vc_column_inner][vc_column_text css=&#8221;&#8221;]A continuaci\u00f3n se detallan las vacantes disponible en marzo de 2026, para el Proceso de Admisi\u00f3n 2027. Posteriormente, mes a mes se ir\u00e1n actualizando la disponibilidad de cupos ya&nbsp;&hellip;","_links":{"self":[{"href":"https:\/\/webto.colegiomayor.cl\/index.php?rest_route=\/wp\/v2\/pages\/850","targetHints":{"allow":["GET"]}}],"collection":[{"href":"https:\/\/webto.colegiomayor.cl\/index.php?rest_route=\/wp\/v2\/pages"}],"about":[{"href":"https:\/\/webto.colegiomayor.cl\/index.php?rest_route=\/wp\/v2\/types\/page"}],"author":[{"embeddable":true,"href":"https:\/\/webto.colegiomayor.cl\/index.php?rest_route=\/wp\/v2\/users\/1"}],"replies":[{"embeddable":true,"href":"https:\/\/webto.colegiomayor.cl\/index.php?rest_route=%2Fwp%2Fv2%2Fcomments&post=850"}],"version-history":[{"count":12,"href":"https:\/\/webto.colegiomayor.cl\/index.php?rest_route=\/wp\/v2\/pages\/850\/revisions"}],"predecessor-version":[{"id":44401,"href":"https:\/\/webto.colegiomayor.cl\/index.php?rest_route=\/wp\/v2\/pages\/850\/revisions\/44401"}],"up":[{"embeddable":true,"href":"https:\/\/webto.colegiomayor.cl\/index.php?rest_route=\/wp\/v2\/pages\/589"}],"wp:attachment":[{"href":"https:\/\/webto.colegiomayor.cl\/index.php?rest_route=%2Fwp%2Fv2%2Fmedia&parent=850"}],"curies":[{"name":"wp","href":"https:\/\/api.w.org\/{rel}","templated":true}]}}