{"id":799,"date":"2024-12-02T19:53:25","date_gmt":"2024-12-02T22:53:25","guid":{"rendered":"http:\/\/34.19.110.19\/?page_id=799"},"modified":"2025-01-07T19:14:31","modified_gmt":"2025-01-07T22:14:31","slug":"convivencia-escolar","status":"publish","type":"page","link":"https:\/\/webto.colegiomayor.cl\/?page_id=799","title":{"rendered":"Convivencia escolar"},"content":{"rendered":"<div class=\"wpb-content-wrapper\"><p>[vc_row][vc_column css=&#8221;.vc_custom_1489757662264{margin-bottom: 0px !important;}&#8221;][vc_custom_heading text=&#8221;Convivencia Escolar&#8221; font_container=&#8221;tag:h1|text_align:left&#8221; use_theme_fonts=&#8221;yes&#8221; css=&#8221;.vc_custom_1736288036084{margin-top: 0px !important;margin-bottom: 20px !important;}&#8221;][vc_column_text css=&#8221;&#8221;]Convivir es una acci\u00f3n clave para compartir la vida con otros, es aprender de las propias habilidades sociales, reconociendo y valorando las de los dem\u00e1s. Para lograr tal aprendizaje, se debe propender hacia el amor, la generosidad y el reconocimiento de nuestras propias emociones. Como colegio nos preocupamos por desarrollar estas valoraciones en nuestros alumnos y alumnas generando un ambiente de bienvivir, haci\u00e9ndolos conscientes de lo importante que es vivir en comunidad, desarrollando as\u00ed la sensibilidad por el que est\u00e1 a su lado, sin importar las diferencias personales, sociales, etnia, etc.<\/p>\n<p>Estimulamos en nuestros alumnos el ejercicio permanente de la escucha, el acercamiento y la valoraci\u00f3n por sus compa\u00f1eros, lo que resulta clave para lograr un ser humano m\u00e1s feliz, m\u00e1s contento consigo mismo, un ciudadano en contacto con su cuerpo y con su mente, en armon\u00eda con su entorno inmediato. Todas estas acciones son necesarias para que nuestros alumnos se puedan desenvolver en este mundo global con tan poco contacto afectivo.<\/p>\n<p>Nuestro colegio est\u00e1 consciente de estas falencias sociales, es por esto que queremos contribuir con personas socio-constructivas, con ciudadanos involucrados, con seres proactivos, dispuestos a compartir su capital cultural, con pensamiento cr\u00edtico y con la capacidad de visibilizar a los otros, ciudadanos activos, creativos, capaces de dialogar siendo conscientes tanto de sus fortalezas como de sus debilidades.<\/p>\n<p>El convivir demanda una serie de gestos por el otro, la sociedad actualmente necesita de seres humanos dispuestos a contribuir con el bienvivir, para construir una sociedad mejor, basada en buenas y sanas relaciones. De esta forma, estaremos favoreciendo el aprender en profundidad.<\/p>\n<p>Se aspira a la conformaci\u00f3n de una Comunidad Educativa que sea capaz de proporcionar oportunidades a todos los integrantes de ella, para construir nuevas formas de relaci\u00f3n inspiradas en los valores del respeto, la verdad, la equidad, la solidaridad, la honestidad, el dialogo y la perseverancia.<\/p>\n<p>Pensamos un Colegio donde sus integrantes tengan oportunidades para expresarse, participar, decidir responsablemente, deliberar y ejercer su libertad con responsabilidad.<\/p>\n<p>Se postula que la disciplina est\u00e1 centrada en la persona, por lo que se atribuye a un control de car\u00e1cter interno la demostraci\u00f3n externa de las actitudes y comportamientos que presenta cualquier integrante de la Comunidad Educativa en su relaci\u00f3n con los otros.<\/p>\n<p>Considera a los ni\u00f1os, j\u00f3venes y adultos del Colegio como sujetos de derechos, por lo que sus opiniones, necesidades y expectativas de desarrollo de todas sus destrezas, habilidades y potencialidades, debe ser el aspecto central del quehacer educativo.<\/p>\n<p>Desde esta perspectiva, los educadores del Colegio est\u00e1n llamados, por sobre todo, a ser formadores y orientadores de valores y actitudes positivas, creando los espacios para atender necesidades y escuchar opiniones de sus estudiantes.<\/p>\n<p>Sostenemos que la calidad de la convivencia escolar favorece la calidad de los aprendizajes de nuestros estudiantes, por lo que cobra relevancia la estimulaci\u00f3n y la promoci\u00f3n del aprender a vivir juntos, todo lo cual derivar\u00e1 en una valoraci\u00f3n de la pluralidad en las relaciones estudiantiles y en un apoyo solidario al que anda en b\u00fasqueda de su identidad personal y vocacional, de su autonom\u00eda e integraci\u00f3n social.[\/vc_column_text][vc_separator border_width=&#8221;4&#8243;][\/vc_column][\/vc_row]<\/p>\n<\/div>","protected":false},"excerpt":{"rendered":"<p>[vc_row][vc_column css=&#8221;.vc_custom_1489757662264{margin-bottom: 0px !important;}&#8221;][vc_custom_heading text=&#8221;Convivencia Escolar&#8221; font_container=&#8221;tag:h1|text_align:left&#8221; use_theme_fonts=&#8221;yes&#8221; css=&#8221;.vc_custom_1736288036084{margin-top: 0px !important;margin-bottom: 20px !important;}&#8221;][vc_column_text css=&#8221;&#8221;]Convivir es una acci\u00f3n clave para compartir la vida con otros, es aprender de las propias habilidades sociales, reconociendo y valorando las de los dem\u00e1s. Para lograr tal aprendizaje, se debe propender&nbsp;<a href=\"https:\/\/webto.colegiomayor.cl\/?page_id=799\">&hellip;<\/a><\/p>\n","protected":false},"author":1,"featured_media":0,"parent":854,"menu_order":1,"comment_status":"closed","ping_status":"closed","template":"template-sidebar-right-childpages.php","meta":{"content-type":"","footnotes":""},"class_list":["post-799","page","type-page","status-publish","hentry","odd"],"rttpg_featured_image_url":null,"rttpg_author":{"display_name":"josefariesco@gmail.com","author_link":"https:\/\/webto.colegiomayor.cl\/?author=1"},"rttpg_comment":0,"rttpg_category":null,"rttpg_excerpt":"[vc_row][vc_column css=&#8221;.vc_custom_1489757662264{margin-bottom: 0px !important;}&#8221;][vc_custom_heading text=&#8221;Convivencia Escolar&#8221; font_container=&#8221;tag:h1|text_align:left&#8221; use_theme_fonts=&#8221;yes&#8221; css=&#8221;.vc_custom_1736288036084{margin-top: 0px !important;margin-bottom: 20px !important;}&#8221;][vc_column_text css=&#8221;&#8221;]Convivir es una acci\u00f3n clave para compartir la vida con otros, es aprender de las propias habilidades sociales, reconociendo y valorando las de los dem\u00e1s. Para lograr tal aprendizaje, se debe propender&nbsp;&hellip;","_links":{"self":[{"href":"https:\/\/webto.colegiomayor.cl\/index.php?rest_route=\/wp\/v2\/pages\/799","targetHints":{"allow":["GET"]}}],"collection":[{"href":"https:\/\/webto.colegiomayor.cl\/index.php?rest_route=\/wp\/v2\/pages"}],"about":[{"href":"https:\/\/webto.colegiomayor.cl\/index.php?rest_route=\/wp\/v2\/types\/page"}],"author":[{"embeddable":true,"href":"https:\/\/webto.colegiomayor.cl\/index.php?rest_route=\/wp\/v2\/users\/1"}],"replies":[{"embeddable":true,"href":"https:\/\/webto.colegiomayor.cl\/index.php?rest_route=%2Fwp%2Fv2%2Fcomments&post=799"}],"version-history":[{"count":3,"href":"https:\/\/webto.colegiomayor.cl\/index.php?rest_route=\/wp\/v2\/pages\/799\/revisions"}],"predecessor-version":[{"id":41805,"href":"https:\/\/webto.colegiomayor.cl\/index.php?rest_route=\/wp\/v2\/pages\/799\/revisions\/41805"}],"up":[{"embeddable":true,"href":"https:\/\/webto.colegiomayor.cl\/index.php?rest_route=\/wp\/v2\/pages\/854"}],"wp:attachment":[{"href":"https:\/\/webto.colegiomayor.cl\/index.php?rest_route=%2Fwp%2Fv2%2Fmedia&parent=799"}],"curies":[{"name":"wp","href":"https:\/\/api.w.org\/{rel}","templated":true}]}}