{"id":577,"date":"2024-11-28T00:05:19","date_gmt":"2024-11-28T03:05:19","guid":{"rendered":"http:\/\/34.19.110.19\/?page_id=577"},"modified":"2025-02-26T11:51:35","modified_gmt":"2025-02-26T14:51:35","slug":"proyecto-educativo-institucional","status":"publish","type":"page","link":"https:\/\/webto.colegiomayor.cl\/?page_id=577","title":{"rendered":"Proyecto Educativo Institucional"},"content":{"rendered":"<div class=\"wpb-content-wrapper\"><p>[vc_row css=&#8221;.vc_custom_1487250199380{margin-bottom: 35px !important;}&#8221;][vc_column css=&#8221;.vc_custom_1490018662966{margin-bottom: 0px !important;}&#8221;][vc_custom_heading text=&#8221;Proyecto Educativo Institucional&#8221; font_container=&#8221;tag:h1|text_align:left&#8221; use_theme_fonts=&#8221;yes&#8221; css=&#8221;.vc_custom_1736874820573{margin-top: 0px !important;margin-bottom: 20px !important;}&#8221;][\/vc_column][\/vc_row][vc_row][vc_column width=&#8221;1\/2&#8243; css=&#8221;.vc_custom_1459847629856{margin-bottom: 0px !important;}&#8221;][vc_column_text css=&#8221;.vc_custom_1740581042852{padding-right: 20px !important;}&#8221;]El Colegio tiene el compromiso de desarrollar en todos sus integrantes, particularmente los\/as estudiantes, las habilidades y competencias que les permitan convivir e integrarse a la sociedad de manera activa, desenvuelta, con un claro compromiso con el desarrollo del pa\u00eds fundado en el aprendizaje y el conocimiento. Consecuentemente, las experiencias educativas son dise\u00f1adas y ejecutadas de una forma consciente y precisa, respetando sus intereses y expectativas para desarrollar habilidades y conocimientos de alto nivel, as\u00ed como actitudes que posibiliten una participaci\u00f3n responsable y \u00e9tica para consigo y la sociedad. Es as\u00ed como el Colegio se concibe como un espacio de aprendizaje constante y continuo.<\/p>\n<p>Todo lo que se vive y se observa se aprende. Desde que la persona entra al colegio hasta que sale, en un d\u00eda o una trayectoria, cada espacio y cada momento est\u00e1 dise\u00f1ado para el aprendizaje y cuidado de ella, particularmente de los estudiantes, para que aprendan a convivir con otros, desarrollen habilidades, conozcan y entiendan el mundo.<\/p>\n<p>Lo anterior resulta fundamental para formar parte de una sociedad en continuo cambio, en donde la Inteligencia Artificial, las nuevas tecnolog\u00edas y formas de relaci\u00f3n son un desaf\u00edo continuo. En este sentido, estamos ciertos de que enfrentar este desaf\u00edo implica interpelar a la cultura escolar hist\u00f3ricamente establecida, sus pr\u00e1cticas, representaciones y creencias que la sostienen, y desarrollar un modelo que no solo responda a esos avances, sino que, sobre todo, tenga una mirada propositiva y no meramente reactiva.[\/vc_column_text][\/vc_column][vc_column width=&#8221;1\/2&#8243;][vc_single_image image=&#8221;42238&#8243; img_size=&#8221;full&#8221; css_animation=&#8221;fadeIn&#8221; css=&#8221;&#8221;][\/vc_column][\/vc_row][vc_row css=&#8221;.vc_custom_1459427754259{padding-top: 20px !important;}&#8221;][vc_column css=&#8221;.vc_custom_1490170363831{margin-bottom: 0px !important;}&#8221;][vc_separator border_width=&#8221;4&#8243;][\/vc_column][\/vc_row][vc_row css=&#8221;.vc_custom_1487773030229{margin-bottom: 35px !important;}&#8221;][vc_column width=&#8221;2\/3&#8243;]\n\t\t\t\t\t<a\n\t\t\t\thref=\"https:\/\/webto.colegiomayor.cl\/wp-content\/uploads\/2025\/01\/001-Proyecto_educativo-2024.pdf\"\n\t\t\t\tclass=\"wh-theme-icon vc_custom_1740581419284  scp_theme_icon-dcf5a9a7d494db801884feb673f1d3ab\"\n\t\t\t\t\t\t\t\t\t\t\t\t\ttarget=\"_blank\"\n\t\t\t\t\t\t\t\t><i class=\"icon-edic_picture_as_pdf\"><\/i><\/a>\n\t\t\t\t[vc_custom_heading text=&#8221;Descargar&#8221; font_container=&#8221;tag:h5|text_align:left|color:%23000000&#8243; use_theme_fonts=&#8221;yes&#8221; css=&#8221;.vc_custom_1732764210246{margin-bottom: 10px !important;padding-left: 75px !important;}&#8221; link=&#8221;url:http%3A%2F%2F34.19.110.19%2Fwp-content%2Fuploads%2F2024%2F11%2FDocumento_Indicativo_PEN_06_22.pdf|target:_blank&#8221;][vc_custom_heading text=&#8221;Documento Proyecto Educativo Institucional&#8221; font_container=&#8221;tag:p|text_align:left|color:%23aeafaf&#8221; use_theme_fonts=&#8221;yes&#8221; css=&#8221;.vc_custom_1732763715789{padding-left: 75px !important;}&#8221;][\/vc_column][vc_column width=&#8221;1\/3&#8243;][\/vc_column][\/vc_row][vc_row css=&#8221;.vc_custom_1487773030229{margin-bottom: 35px !important;}&#8221;][vc_column width=&#8221;2\/3&#8243;]\n\t\t\t\t\t<a\n\t\t\t\thref=\"http:\/\/34.19.110.19\/wp-content\/uploads\/2024\/11\/Documento_Indicativo_PEN_06_22.pdf\"\n\t\t\t\tclass=\"wh-theme-icon vc_custom_1732764156544  scp_theme_icon-9fac788480456b5d93f8b7adcca7d270\"\n\t\t\t\t\t\t\t\t\t\t\t\t\ttarget=\"_blank\"\n\t\t\t\t\t\t\t\t><i class=\"icon-edic_picture_as_pdf\"><\/i><\/a>\n\t\t\t\t[vc_custom_heading text=&#8221;Descargar&#8221; font_container=&#8221;tag:h5|text_align:left|color:%23000000&#8243; use_theme_fonts=&#8221;yes&#8221; css=&#8221;.vc_custom_1740581453437{margin-bottom: 10px !important;padding-left: 75px !important;}&#8221; link=&#8221;target:_blank&#8221;][vc_custom_heading text=&#8221;Reglamento de Evaluaci\u00f3n y Promoci\u00f3n&#8221; font_container=&#8221;tag:p|text_align:left|color:%23aeafaf&#8221; use_theme_fonts=&#8221;yes&#8221; css=&#8221;.vc_custom_1736875624915{padding-left: 75px !important;}&#8221;][\/vc_column][vc_column width=&#8221;1\/3&#8243;][\/vc_column][\/vc_row][vc_row css=&#8221;.vc_custom_1487773030229{margin-bottom: 35px !important;}&#8221;][vc_column width=&#8221;2\/3&#8243;]\n\t\t\t\t\t<a\n\t\t\t\thref=\"https:\/\/webto.colegiomayor.cl\/?page_id=662\"\n\t\t\t\tclass=\"wh-theme-icon vc_custom_1738356687099  scp_theme_icon-cefa2a9596007c654b6783a853975632\"\n\t\t\t\t\t\t\t\t\ttitle=\"Reglamento Interno y de Convivencia Escolar\"\n\t\t\t\t\t\t\t\t\t\t\t\t><i class=\"icon-edic_picture_as_pdf\"><\/i><\/a>\n\t\t\t\t[vc_custom_heading text=&#8221;Descargar&#8221; font_container=&#8221;tag:h5|text_align:left|color:%23000000&#8243; use_theme_fonts=&#8221;yes&#8221; css=&#8221;.vc_custom_1740581468468{margin-bottom: 10px !important;padding-left: 75px !important;}&#8221; link=&#8221;url:https%3A%2F%2Fwebto.colegiomayor.cl%2F%3Fpage_id%3D662|title:Reglamento%20Interno%20y%20de%20Convivencia%20Escolar&#8221;][vc_custom_heading text=&#8221;Reglamento Interno y Anexos&#8221; font_container=&#8221;tag:p|text_align:left|color:%23aeafaf&#8221; use_theme_fonts=&#8221;yes&#8221; css=&#8221;.vc_custom_1738356713733{padding-left: 75px !important;}&#8221; link=&#8221;url:https%3A%2F%2Fwebto.colegiomayor.cl%2F%3Fpage_id%3D662|title:Reglamento%20Interno%20y%20de%20Convivencia%20Escolar&#8221;][\/vc_column][vc_column width=&#8221;1\/3&#8243;][\/vc_column][\/vc_row]<\/p>\n<\/div>","protected":false},"excerpt":{"rendered":"<p>[vc_row css=&#8221;.vc_custom_1487250199380{margin-bottom: 35px !important;}&#8221;][vc_column css=&#8221;.vc_custom_1490018662966{margin-bottom: 0px !important;}&#8221;][vc_custom_heading text=&#8221;Proyecto Educativo Institucional&#8221; font_container=&#8221;tag:h1|text_align:left&#8221; use_theme_fonts=&#8221;yes&#8221; css=&#8221;.vc_custom_1736874820573{margin-top: 0px !important;margin-bottom: 20px !important;}&#8221;][\/vc_column][\/vc_row][vc_row][vc_column width=&#8221;1\/2&#8243; css=&#8221;.vc_custom_1459847629856{margin-bottom: 0px !important;}&#8221;][vc_column_text css=&#8221;.vc_custom_1740581042852{padding-right: 20px !important;}&#8221;]El Colegio tiene el compromiso de desarrollar en todos sus integrantes, particularmente los\/as estudiantes, las habilidades y competencias que les permitan convivir&nbsp;<a href=\"https:\/\/webto.colegiomayor.cl\/?page_id=577\">&hellip;<\/a><\/p>\n","protected":false},"author":1,"featured_media":0,"parent":589,"menu_order":7,"comment_status":"closed","ping_status":"closed","template":"template-sidebar-right-childpages.php","meta":{"content-type":"","footnotes":""},"class_list":["post-577","page","type-page","status-publish","hentry","odd"],"rttpg_featured_image_url":null,"rttpg_author":{"display_name":"josefariesco@gmail.com","author_link":"https:\/\/webto.colegiomayor.cl\/?author=1"},"rttpg_comment":0,"rttpg_category":null,"rttpg_excerpt":"[vc_row css=&#8221;.vc_custom_1487250199380{margin-bottom: 35px !important;}&#8221;][vc_column css=&#8221;.vc_custom_1490018662966{margin-bottom: 0px !important;}&#8221;][vc_custom_heading text=&#8221;Proyecto Educativo Institucional&#8221; font_container=&#8221;tag:h1|text_align:left&#8221; use_theme_fonts=&#8221;yes&#8221; css=&#8221;.vc_custom_1736874820573{margin-top: 0px !important;margin-bottom: 20px !important;}&#8221;][\/vc_column][\/vc_row][vc_row][vc_column width=&#8221;1\/2&#8243; css=&#8221;.vc_custom_1459847629856{margin-bottom: 0px !important;}&#8221;][vc_column_text css=&#8221;.vc_custom_1740581042852{padding-right: 20px !important;}&#8221;]El Colegio tiene el compromiso de desarrollar en todos sus integrantes, particularmente los\/as estudiantes, las habilidades y competencias que les permitan convivir&nbsp;&hellip;","_links":{"self":[{"href":"https:\/\/webto.colegiomayor.cl\/index.php?rest_route=\/wp\/v2\/pages\/577","targetHints":{"allow":["GET"]}}],"collection":[{"href":"https:\/\/webto.colegiomayor.cl\/index.php?rest_route=\/wp\/v2\/pages"}],"about":[{"href":"https:\/\/webto.colegiomayor.cl\/index.php?rest_route=\/wp\/v2\/types\/page"}],"author":[{"embeddable":true,"href":"https:\/\/webto.colegiomayor.cl\/index.php?rest_route=\/wp\/v2\/users\/1"}],"replies":[{"embeddable":true,"href":"https:\/\/webto.colegiomayor.cl\/index.php?rest_route=%2Fwp%2Fv2%2Fcomments&post=577"}],"version-history":[{"count":17,"href":"https:\/\/webto.colegiomayor.cl\/index.php?rest_route=\/wp\/v2\/pages\/577\/revisions"}],"predecessor-version":[{"id":42290,"href":"https:\/\/webto.colegiomayor.cl\/index.php?rest_route=\/wp\/v2\/pages\/577\/revisions\/42290"}],"up":[{"embeddable":true,"href":"https:\/\/webto.colegiomayor.cl\/index.php?rest_route=\/wp\/v2\/pages\/589"}],"wp:attachment":[{"href":"https:\/\/webto.colegiomayor.cl\/index.php?rest_route=%2Fwp%2Fv2%2Fmedia&parent=577"}],"curies":[{"name":"wp","href":"https:\/\/api.w.org\/{rel}","templated":true}]}}