{"id":44503,"date":"2026-05-01T18:47:04","date_gmt":"2026-05-01T21:47:04","guid":{"rendered":"https:\/\/webto.colegiomayor.cl\/?page_id=44503"},"modified":"2026-05-01T19:04:15","modified_gmt":"2026-05-01T22:04:15","slug":"after-school-copy-copy","status":"publish","type":"page","link":"https:\/\/webto.colegiomayor.cl\/?page_id=44503","title":{"rendered":"Ingles"},"content":{"rendered":"<div class=\"wpb-content-wrapper\"><p>[vc_row][vc_column css=&#8221;.vc_custom_1490101954713{margin-bottom: 0px !important;}&#8221;][vc_custom_heading text=&#8221;M\u00e1s que una promesa, una<br \/>\nRealidad Certificada.&#8221; font_container=&#8221;tag:h1|text_align:left&#8221; use_theme_fonts=&#8221;yes&#8221; css=&#8221;&#8221;][vc_row_inner][vc_column_inner][vc_column_text css=&#8221;&#8221;]En el Colegio Mayor no ense\u00f1amos ingl\u00e9s como una asignatura m\u00e1s, lo transformamos en una <strong>herramienta real<\/strong> y <strong>pr\u00e1ctica<\/strong> para el futuro, preparando a nuestros estudiantes para que logren alcanzar una certificaci\u00f3n internacional <strong>B2 de Cambridge<\/strong>, reconocida en todo el mundo.[\/vc_column_text][\/vc_column_inner][\/vc_row_inner][vc_single_image image=&#8221;44504&#8243; img_size=&#8221;full&#8221; alignment=&#8221;center&#8221; css=&#8221;&#8221;][vc_row_inner css=&#8221;.vc_custom_1777665534932{margin-right: 10px !important;margin-bottom: 30px !important;margin-left: 5px !important;}&#8221;][vc_column_inner width=&#8221;1\/2&#8243; css=&#8221;.vc_custom_1777661646553{margin-top: 0px !important;margin-right: 10px !important;margin-bottom: 0px !important;margin-left: 0px !important;border-top-width: 0px !important;border-right-width: 0px !important;border-bottom-width: 0px !important;border-left-width: 0px !important;padding-top: 0px !important;padding-right: 0px !important;padding-bottom: 0px !important;padding-left: 0px !important;background-color: #FCF7F9 !important;border-radius: 15px !important;border-color: #FCF7F9 !important;}&#8221;][vc_single_image image=&#8221;44505&#8243; img_size=&#8221;full&#8221; css=&#8221;&#8221;][vc_column_text css=&#8221;.vc_custom_1777661480186{background-color: #FCF7F9 !important;}&#8221;]<\/p>\n<p style=\"text-align: center;\"><strong>Cambridge English<\/strong><\/p>\n<ul>\n<li>Colegio reconocido como <strong>Cambridge<\/strong><br \/>\n<strong>Partner<\/strong><\/li>\n<li>Materiales oficiales y est\u00e1ndares<br \/>\ninternacionales<\/li>\n<\/ul>\n<p>[\/vc_column_text][\/vc_column_inner][vc_column_inner width=&#8221;1\/2&#8243; css=&#8221;.vc_custom_1777661636409{margin-top: 0px !important;margin-right: 0px !important;margin-bottom: 0px !important;margin-left: 10px !important;border-top-width: 0px !important;border-right-width: 0px !important;border-bottom-width: 0px !important;border-left-width: 0px !important;padding-top: 0px !important;padding-right: 0px !important;padding-bottom: 0px !important;padding-left: 0px !important;background-color: #FCF7F9 !important;border-radius: 15px !important;}&#8221;][vc_single_image image=&#8221;44506&#8243; img_size=&#8221;full&#8221; css=&#8221;&#8221;][vc_column_text css=&#8221;.vc_custom_1777661836123{background-color: #FCF7F9 !important;}&#8221;]<\/p>\n<p style=\"text-align: center;\"><strong>English UC \u2013 Pontificia Universidad<\/strong><br \/>\n<strong>Cat\u00f3lica de Chile<\/strong><\/p>\n<ul>\n<li>Centro examinador autorizado<\/li>\n<li>Apoyo directo en el proceso de<br \/>\ncertificaci\u00f3n<\/li>\n<\/ul>\n<p>[\/vc_column_text][\/vc_column_inner][\/vc_row_inner][vc_row_inner css=&#8221;.vc_custom_1777662136910{margin-top: 10px !important;}&#8221;][vc_column_inner width=&#8221;1\/6&#8243;][vc_single_image image=&#8221;44507&#8243; img_size=&#8221;full&#8221; css=&#8221;&#8221;][\/vc_column_inner][vc_column_inner width=&#8221;5\/6&#8243;][vc_custom_heading text=&#8221;<strong>Certificaci\u00f3n internacional que marca la diferencia<\/strong>&#8221; font_container=&#8221;tag:h3|text_align:left&#8221; use_theme_fonts=&#8221;yes&#8221; css=&#8221;&#8221;][vc_column_text css=&#8221;&#8221;]Nuestros estudiantes acceden a certificaciones progresivas:[\/vc_column_text][\/vc_column_inner][\/vc_row_inner][vc_row_inner css=&#8221;.vc_custom_1777665548571{margin-right: 10px !important;margin-left: 5px !important;background-color: #FCF7F9 !important;border-radius: 15px !important;}&#8221;][vc_column_inner width=&#8221;1\/6&#8243;][vc_single_image image=&#8221;44508&#8243; img_size=&#8221;50&#215;35&#8243; css=&#8221;&#8221;][vc_single_image image=&#8221;44508&#8243; img_size=&#8221;50&#215;35&#8243; css=&#8221;&#8221;][vc_single_image image=&#8221;44509&#8243; img_size=&#8221;41&#215;35&#8243; css=&#8221;&#8221;][\/vc_column_inner][vc_column_inner width=&#8221;5\/6&#8243;][vc_column_text css=&#8221;&#8221;]B1 Preliminary<strong> (PET)<\/strong> en 8\u00b0 B\u00e1sico (optativa de forma personal)[\/vc_column_text][vc_column_text css=&#8221;&#8221;]B2 First <strong>(FCE for Schools)<\/strong> en III\u00b0 Medio (optativa de forma personal &#8211; Alianza English UC)[\/vc_column_text][vc_column_text css=&#8221;&#8221;]Certificaci\u00f3n rendida una sola vez y <strong>v\u00e1lida de por vida<\/strong>[\/vc_column_text][\/vc_column_inner][\/vc_row_inner][vc_row_inner css=&#8221;.vc_custom_1777662136910{margin-top: 10px !important;}&#8221;][vc_column_inner][vc_custom_heading text=&#8221;<strong>\u00bfPor qu\u00e9 es tan importante certificar un nivel B2?<\/strong>&#8221; font_container=&#8221;tag:h3|text_align:left&#8221; use_theme_fonts=&#8221;yes&#8221; css=&#8221;&#8221;][vc_column_text css=&#8221;&#8221;]Lograr un nivel B2 en ingl\u00e9s significa que nuestros estudiantes podr\u00e1n:[\/vc_column_text][\/vc_column_inner][\/vc_row_inner][vc_row_inner css=&#8221;.vc_custom_1777665823006{margin-right: 10px !important;margin-left: 5px !important;background-color: #FFFFFF !important;border-radius: 15px !important;}&#8221;][vc_column_inner width=&#8221;1\/6&#8243;][vc_single_image image=&#8221;44511&#8243; img_size=&#8221;36&#215;35&#8243; css=&#8221;&#8221;][vc_single_image image=&#8221;44512&#8243; img_size=&#8221;49&#215;35&#8243; css=&#8221;.vc_custom_1777672567089{margin-top: -10px !important;}&#8221;][vc_single_image image=&#8221;44513&#8243; img_size=&#8221;35&#215;35&#8243; css=&#8221;.vc_custom_1777672583808{margin-top: -15px !important;}&#8221;][vc_single_image image=&#8221;44514&#8243; img_size=&#8221;41&#215;35&#8243; css=&#8221;.vc_custom_1777672599574{margin-top: -5px !important;}&#8221;][vc_single_image image=&#8221;44515&#8243; img_size=&#8221;46&#215;35&#8243; css=&#8221;&#8221;][\/vc_column_inner][vc_column_inner width=&#8221;5\/6&#8243;][vc_column_text css=&#8221;&#8221;]Comunicarse con fluidez en contextos acad\u00e9micos y cotidianos[\/vc_column_text][vc_column_text css=&#8221;&#8221;]Postular a universidades y programas internacionales[\/vc_column_text][vc_column_text css=&#8221;&#8221;]Participar en intercambios y experiencias globales[\/vc_column_text][vc_column_text css=&#8221;&#8221;]Acceder a mejores oportunidades laborales en el futuro[\/vc_column_text][vc_column_text css=&#8221;&#8221;]Comprender contenidos acad\u00e9micos en ingl\u00e9s sin dificultad. Posibilidad de<br \/>\neximici\u00f3n total de asignatura de Ingl\u00e9s en universidades.[\/vc_column_text][\/vc_column_inner][\/vc_row_inner][\/vc_column][\/vc_row][vc_row][vc_column width=&#8221;2\/3&#8243;][vc_column_text css=&#8221;&#8221;]Adem\u00e1s, la certificaci\u00f3n <strong>Cambridge B2 First:<\/strong>[\/vc_column_text][vc_row_inner][vc_column_inner css=&#8221;.vc_custom_1777667862217{margin-left: 0px !important;}&#8221;][vc_column_text css=&#8221;&#8221;]<img loading=\"lazy\" decoding=\"async\" class=\"alignleft wp-image-40795\" src=\"https:\/\/webpe.colegiomayor.cl\/wp-content\/uploads\/2026\/05\/icon-03-160x138.png\" alt=\"\" width=\"41\" height=\"35\" \/>Tiene <strong>validez internacional y permanente<\/strong>[\/vc_column_text][vc_column_text css=&#8221;&#8221;]<img loading=\"lazy\" decoding=\"async\" class=\"alignleft wp-image-40795\" src=\"https:\/\/webpe.colegiomayor.cl\/wp-content\/uploads\/2026\/05\/icon-03-160x138.png\" alt=\"\" width=\"41\" height=\"35\" \/>Acredita de forma objetiva el nivel de ingl\u00e9s del estudiante[\/vc_column_text][vc_column_text css=&#8221;&#8221;]<\/p>\n<p><img loading=\"lazy\" decoding=\"async\" class=\"alignleft wp-image-40795\" src=\"https:\/\/webpe.colegiomayor.cl\/wp-content\/uploads\/2026\/05\/icon-03-160x138.png\" alt=\"\" width=\"41\" height=\"35\" \/>Es reconocida por universidades y empresas en todo el<br \/>\nmundo<\/p>\n<p>[\/vc_column_text][\/vc_column_inner][\/vc_row_inner][\/vc_column][vc_column width=&#8221;1\/3&#8243;][vc_single_image image=&#8221;44516&#8243; img_size=&#8221;full&#8221; css=&#8221;&#8221;][\/vc_column][\/vc_row][vc_row][vc_column][vc_row_inner css=&#8221;.vc_custom_1777662136910{margin-top: 10px !important;}&#8221;][vc_column_inner width=&#8221;5\/6&#8243;][vc_custom_heading text=&#8221;<strong>Un programa dise\u00f1ado para lograrlo<\/strong>&#8221; font_container=&#8221;tag:h3|text_align:left&#8221; use_theme_fonts=&#8221;yes&#8221; css=&#8221;&#8221;][vc_column_text css=&#8221;&#8221;]Nuestro Programa de Ingl\u00e9s est\u00e1 alineado al Marco Com\u00fan Europeo (CEFR), lo que permite avanzar de forma clara, medible y reconocida.[\/vc_column_text][\/vc_column_inner][vc_column_inner width=&#8221;1\/6&#8243;][vc_single_image image=&#8221;44517&#8243; img_size=&#8221;medium&#8221; css=&#8221;&#8221;][\/vc_column_inner][\/vc_row_inner][\/vc_column][\/vc_row][vc_row][vc_column][vc_column_text css=&#8221;&#8221;]<\/p>\n<h3><img loading=\"lazy\" decoding=\"async\" class=\"alignnone wp-image-40855\" src=\"https:\/\/webpe.colegiomayor.cl\/wp-content\/uploads\/2026\/05\/icon-10-241x222.png\" alt=\"\" width=\"38\" height=\"35\" \/> <strong>Ruta de apredizaje<\/strong><\/h3>\n<p>[\/vc_column_text][\/vc_column][\/vc_row][vc_row css=&#8221;.vc_custom_1777668959290{margin-right: 10px !important;margin-left: 5px !important;}&#8221;][vc_column width=&#8221;1\/3&#8243; css=&#8221;.vc_custom_1777668801031{margin-right: 0px !important;border-right-width: 0px !important;padding-right: 0px !important;background-color: #BCDCF4 !important;border-radius: 15px !important;}&#8221;][vc_column_text css=&#8221;&#8221;]<\/p>\n<p style=\"text-align: center;\">4\u00b0 B\u00e1sico \u2192<br \/>\n<strong>Nivel A1<br \/>\n<\/strong><\/p>\n<p>[\/vc_column_text][\/vc_column][vc_column width=&#8221;1\/3&#8243; css=&#8221;.vc_custom_1777668813388{margin-right: 10px !important;margin-left: 10px !important;background-color: #BCDCF4 !important;border-radius: 15px !important;}&#8221;][vc_column_text css=&#8221;&#8221;]<\/p>\n<p style=\"text-align: center;\">8\u00b0 B\u00e1sico \u2192 <strong>Nivel B1<br \/>\n(PET Cambridge)<\/strong><\/p>\n<p>[\/vc_column_text][\/vc_column][vc_column width=&#8221;1\/3&#8243; css=&#8221;.vc_custom_1777669005228{margin-right: 10px !important;margin-left: 20px !important;background-color: #BCDCF4 !important;border-radius: 15px !important;}&#8221;][vc_column_text css=&#8221;&#8221;]<\/p>\n<p style=\"text-align: center;\">III\u00b0 Medio \u2192 <strong>Nivel B2<br \/>\n(First Certificate Cambridge)<\/strong><\/p>\n<p>[\/vc_column_text][\/vc_column][\/vc_row][vc_row][vc_column][vc_column_text css=&#8221;&#8221;]<small>*Incluso, algunos estudiantes pueden alcanzar<strong> nivel C1, superando el est\u00e1ndar esperado.<\/strong><\/small>[\/vc_column_text][\/vc_column][\/vc_row][vc_row][vc_column][vc_single_image image=&#8221;44519&#8243; img_size=&#8221;504&#215;400&#8243; alignment=&#8221;center&#8221; css=&#8221;&#8221;][vc_custom_heading text=&#8221;<strong>Metodolog\u00eda moderna y efectiva<\/strong>&#8221; font_container=&#8221;tag:h3|text_align:left&#8221; use_theme_fonts=&#8221;yes&#8221; css=&#8221;&#8221;][vc_column_text css=&#8221;&#8221;]Formamos estudiantes que usan el idioma, no solo lo estudian:<\/p>\n<ul>\n<li>Desarrollo de habilidades comunicativas reales, cotidianas y acad\u00e9micas.<\/li>\n<li>Integraci\u00f3n de las 4 habilidades activas y pasivas (Speaking, Writing, Reading y Listening)<\/li>\n<li>Metodolog\u00edas activas en pro de la asignatura (FlippedClassroom, PBL)<\/li>\n<li>Programa de fon\u00e9tica temprana (Basado en Jolly Phonics)<\/li>\n<li>Preparaci\u00f3n espec\u00edfica para ex\u00e1menes Cambridge.<\/li>\n<\/ul>\n<p>[\/vc_column_text][\/vc_column][\/vc_row][vc_row][vc_column][vc_single_image image=&#8221;44520&#8243; img_size=&#8221;full&#8221; alignment=&#8221;center&#8221; css=&#8221;&#8221;][\/vc_column][\/vc_row]<\/p>\n<\/div>","protected":false},"excerpt":{"rendered":"<p>[vc_row][vc_column css=&#8221;.vc_custom_1490101954713{margin-bottom: 0px !important;}&#8221;][vc_custom_heading text=&#8221;M\u00e1s que una promesa, una Realidad Certificada.&#8221; font_container=&#8221;tag:h1|text_align:left&#8221; use_theme_fonts=&#8221;yes&#8221; css=&#8221;&#8221;][vc_row_inner][vc_column_inner][vc_column_text css=&#8221;&#8221;]En el Colegio Mayor no ense\u00f1amos ingl\u00e9s como una asignatura m\u00e1s, lo transformamos en una herramienta real y pr\u00e1ctica para el futuro, preparando a nuestros estudiantes para que logren alcanzar una&nbsp;<a href=\"https:\/\/webto.colegiomayor.cl\/?page_id=44503\">&hellip;<\/a><\/p>\n","protected":false},"author":1,"featured_media":0,"parent":0,"menu_order":0,"comment_status":"closed","ping_status":"closed","template":"","meta":{"content-type":"","footnotes":""},"class_list":["post-44503","page","type-page","status-publish","hentry","odd"],"rttpg_featured_image_url":null,"rttpg_author":{"display_name":"josefariesco@gmail.com","author_link":"https:\/\/webto.colegiomayor.cl\/?author=1"},"rttpg_comment":0,"rttpg_category":null,"rttpg_excerpt":"[vc_row][vc_column css=&#8221;.vc_custom_1490101954713{margin-bottom: 0px !important;}&#8221;][vc_custom_heading text=&#8221;M\u00e1s que una promesa, una Realidad Certificada.&#8221; font_container=&#8221;tag:h1|text_align:left&#8221; use_theme_fonts=&#8221;yes&#8221; css=&#8221;&#8221;][vc_row_inner][vc_column_inner][vc_column_text css=&#8221;&#8221;]En el Colegio Mayor no ense\u00f1amos ingl\u00e9s como una asignatura m\u00e1s, lo transformamos en una herramienta real y pr\u00e1ctica para el futuro, preparando a nuestros estudiantes para que logren alcanzar una&nbsp;&hellip;","_links":{"self":[{"href":"https:\/\/webto.colegiomayor.cl\/index.php?rest_route=\/wp\/v2\/pages\/44503","targetHints":{"allow":["GET"]}}],"collection":[{"href":"https:\/\/webto.colegiomayor.cl\/index.php?rest_route=\/wp\/v2\/pages"}],"about":[{"href":"https:\/\/webto.colegiomayor.cl\/index.php?rest_route=\/wp\/v2\/types\/page"}],"author":[{"embeddable":true,"href":"https:\/\/webto.colegiomayor.cl\/index.php?rest_route=\/wp\/v2\/users\/1"}],"replies":[{"embeddable":true,"href":"https:\/\/webto.colegiomayor.cl\/index.php?rest_route=%2Fwp%2Fv2%2Fcomments&post=44503"}],"version-history":[{"count":2,"href":"https:\/\/webto.colegiomayor.cl\/index.php?rest_route=\/wp\/v2\/pages\/44503\/revisions"}],"predecessor-version":[{"id":44521,"href":"https:\/\/webto.colegiomayor.cl\/index.php?rest_route=\/wp\/v2\/pages\/44503\/revisions\/44521"}],"wp:attachment":[{"href":"https:\/\/webto.colegiomayor.cl\/index.php?rest_route=%2Fwp%2Fv2%2Fmedia&parent=44503"}],"curies":[{"name":"wp","href":"https:\/\/api.w.org\/{rel}","templated":true}]}}