{"id":43528,"date":"2025-08-28T20:53:54","date_gmt":"2025-08-28T23:53:54","guid":{"rendered":"https:\/\/webto.colegiomayor.cl\/?page_id=43528"},"modified":"2025-09-10T15:54:00","modified_gmt":"2025-09-10T18:54:00","slug":"redmayorkina-cuota-de-incorporacion-copy-copy","status":"publish","type":"page","link":"https:\/\/webto.colegiomayor.cl\/?page_id=43528","title":{"rendered":"RedMayorkina Formulario"},"content":{"rendered":"<div class=\"wpb-content-wrapper\"><p>[vc_section css=&#8221;.vc_custom_1755295765699{margin-top: 25px !important;}&#8221;][vc_row][vc_column width=&#8221;1\/4&#8243;][vc_single_image image=&#8221;43481&#8243; img_size=&#8221;full&#8221; onclick=&#8221;custom_link&#8221; css=&#8221;&#8221; link=&#8221;https:\/\/webto.colegiomayor.cl\/?page_id=43478&#8243;][\/vc_column][vc_column width=&#8221;3\/4&#8243;][vc_column_text css=&#8221;&#8221;]\u00danete a nuestra comunidad de exalumnos de los Colegios Mayor, donde podr\u00e1s reconectar con quienes compartiste una parte significativa de tu vida, y adem\u00e1s, podr\u00e1s participar y beneficiarte de ser parte de nuevos desaf\u00edos. \u00a1Te esperamos![\/vc_column_text]<div class=\"align-center\"><a href=\"https:\/\/webto.colegiomayor.cl\/?page_id=43528\" class=\"wh-button  scp_theme_button-141def0ece32572e771a2b8ab9cb70bb\" title=\"RedMayorkina Formulario\">Inscr\u00edbete Aqu\u00ed<\/a><\/div>[\/vc_column][\/vc_row][\/vc_section][vc_row][vc_column][vc_separator css=&#8221;&#8221;][\/vc_column][\/vc_row][vc_row][vc_column css=&#8221;.vc_custom_1755821727584{border-top-width: 1px !important;border-right-width: 1px !important;border-bottom-width: 1px !important;border-left-width: 1px !important;border-left-style: solid !important;border-right-style: solid !important;border-top-style: solid !important;border-bottom-style: solid !important;border-color: #000000 !important;}&#8221;][vc_column_text css=&#8221;&#8221;]<\/p>\n<h4>Inscripci\u00f3n RedMayorkina<\/h4>\n<p>[\/vc_column_text][vc_column_text css=&#8221;&#8221;]<script src=\"https:\/\/js.hsforms.net\/forms\/embed\/47148951.js\" defer><\/script><\/p>\n<div class=\"hs-form-frame\" data-region=\"na1\" data-form-id=\"02048ba3-744a-4cf9-b0f1-f193c357bd21\" data-portal-id=\"47148951\"><\/div>\n<p>[\/vc_column_text][\/vc_column][\/vc_row][vc_row][vc_column][vc_column_text css=&#8221;&#8221;]\n<div id=\"sb_instagram\"  class=\"sbi sbi_mob_col_3 sbi_tab_col_3 sbi_col_6 sbi_width_resp\" style=\"padding-bottom: 10px;\"\t data-feedid=\"*7\"  data-res=\"auto\" data-cols=\"6\" data-colsmobile=\"3\" data-colstablet=\"3\" data-num=\"6\" data-nummobile=\"6\" data-item-padding=\"5\"\t data-shortcode-atts=\"{&quot;feed&quot;:&quot;7&quot;}\"  data-postid=\"43528\" data-locatornonce=\"042917ea47\" data-imageaspectratio=\"1:1\" data-sbi-flags=\"favorLocal,ajaxPostLoad\">\n\t<div class=\"sb_instagram_header  sbi_medium\"   >\n\t<a class=\"sbi_header_link\" target=\"_blank\"\n\t   rel=\"nofollow noopener\" href=\"https:\/\/www.instagram.com\/redmayorkina\/\" title=\"@redmayorkina\">\n\t\t<div class=\"sbi_header_text\">\n\t\t\t<div class=\"sbi_header_img\"  data-avatar-url=\"https:\/\/scontent.cdninstagram.com\/v\/t51.82787-19\/540216219_17848044450549066_7531345316058809073_n.jpg?stp=dst-jpg_s206x206_tt6&amp;_nc_cat=109&amp;ccb=7-5&amp;_nc_sid=bf7eb4&amp;efg=eyJ2ZW5jb2RlX3RhZyI6InByb2ZpbGVfcGljLnd3dy4zMjAuQzMifQ%3D%3D&amp;_nc_ohc=-H3XsNKyyD4Q7kNvwFjzr_o&amp;_nc_oc=Adptqv72nVo4J7Sgv56FTtHuUeBuXuTfRmcv603qpOhOaTdx1vhg2zDwnpMW4b09tIw&amp;_nc_zt=24&amp;_nc_ht=scontent.cdninstagram.com&amp;edm=AP4hL3IEAAAA&amp;_nc_gid=hLvsJafCI3WFOrJPFhZvew&amp;_nc_tpa=Q5bMBQGwqVfVupo2ga27onRZ8bGpZZDnOyXH5O8R6oph-JfCBsMXHraDF6Q4MMHYUaN5klNwlL1GWSWaeg&amp;oh=00_Af70UXn95vwfCQAWtzh_ykmUB2WbKXB7unXRcvuOXtNTdQ&amp;oe=6A08FD2B\">\n\t\t\t\t\t\t\t\t\t<div class=\"sbi_header_img_hover\"  ><svg class=\"sbi_new_logo fa-instagram fa-w-14\" aria-hidden=\"true\" data-fa-processed=\"\" aria-label=\"Instagram\" data-prefix=\"fab\" data-icon=\"instagram\" role=\"img\" viewBox=\"0 0 448 512\">\n                    <path fill=\"currentColor\" d=\"M224.1 141c-63.6 0-114.9 51.3-114.9 114.9s51.3 114.9 114.9 114.9S339 319.5 339 255.9 287.7 141 224.1 141zm0 189.6c-41.1 0-74.7-33.5-74.7-74.7s33.5-74.7 74.7-74.7 74.7 33.5 74.7 74.7-33.6 74.7-74.7 74.7zm146.4-194.3c0 14.9-12 26.8-26.8 26.8-14.9 0-26.8-12-26.8-26.8s12-26.8 26.8-26.8 26.8 12 26.8 26.8zm76.1 27.2c-1.7-35.9-9.9-67.7-36.2-93.9-26.2-26.2-58-34.4-93.9-36.2-37-2.1-147.9-2.1-184.9 0-35.8 1.7-67.6 9.9-93.9 36.1s-34.4 58-36.2 93.9c-2.1 37-2.1 147.9 0 184.9 1.7 35.9 9.9 67.7 36.2 93.9s58 34.4 93.9 36.2c37 2.1 147.9 2.1 184.9 0 35.9-1.7 67.7-9.9 93.9-36.2 26.2-26.2 34.4-58 36.2-93.9 2.1-37 2.1-147.8 0-184.8zM398.8 388c-7.8 19.6-22.9 34.7-42.6 42.6-29.5 11.7-99.5 9-132.1 9s-102.7 2.6-132.1-9c-19.6-7.8-34.7-22.9-42.6-42.6-11.7-29.5-9-99.5-9-132.1s-2.6-102.7 9-132.1c7.8-19.6 22.9-34.7 42.6-42.6 29.5-11.7 99.5-9 132.1-9s102.7-2.6 132.1 9c19.6 7.8 34.7 22.9 42.6 42.6 11.7 29.5 9 99.5 9 132.1s2.7 102.7-9 132.1z\"><\/path>\n                <\/svg><\/div>\n\t\t\t\t\t<img loading=\"lazy\" decoding=\"async\"  src=\"https:\/\/webto.colegiomayor.cl\/wp-content\/uploads\/sb-instagram-feed-images\/redmayorkina.webp\" alt=\"\" width=\"50\" height=\"50\">\n\t\t\t\t\n\t\t\t\t\t\t\t<\/div>\n\n\t\t\t<div class=\"sbi_feedtheme_header_text\">\n\t\t\t\t<h3>redmayorkina<\/h3>\n\t\t\t\t\t\t\t\t\t<p class=\"sbi_bio\">Somos la red de ex estudiantes de los Colegios Mayor, \u00a1\u00fanete a nuestra gran comunidad mayorkina compartiendo este perfil!<\/p>\n\t\t\t\t\t\t\t<\/div>\n\t\t<\/div>\n\t<\/a>\n<\/div>\n\n\t<div id=\"sbi_images\"  style=\"gap: 10px;\">\n\t\t\t<\/div>\n\n\t<div id=\"sbi_load\" >\n\n\t\n\t\t\t<span class=\"sbi_follow_btn sbi_custom\" >\n\t\t\t<a target=\"_blank\"\n\t\t\t\trel=\"nofollow noopener\"  href=\"https:\/\/www.instagram.com\/redmayorkina\/\" style=\"background: rgb(64,139,209);\">\n\t\t\t\t<svg class=\"svg-inline--fa fa-instagram fa-w-14\" aria-hidden=\"true\" data-fa-processed=\"\" aria-label=\"Instagram\" data-prefix=\"fab\" data-icon=\"instagram\" role=\"img\" viewBox=\"0 0 448 512\">\n                    <path fill=\"currentColor\" d=\"M224.1 141c-63.6 0-114.9 51.3-114.9 114.9s51.3 114.9 114.9 114.9S339 319.5 339 255.9 287.7 141 224.1 141zm0 189.6c-41.1 0-74.7-33.5-74.7-74.7s33.5-74.7 74.7-74.7 74.7 33.5 74.7 74.7-33.6 74.7-74.7 74.7zm146.4-194.3c0 14.9-12 26.8-26.8 26.8-14.9 0-26.8-12-26.8-26.8s12-26.8 26.8-26.8 26.8 12 26.8 26.8zm76.1 27.2c-1.7-35.9-9.9-67.7-36.2-93.9-26.2-26.2-58-34.4-93.9-36.2-37-2.1-147.9-2.1-184.9 0-35.8 1.7-67.6 9.9-93.9 36.1s-34.4 58-36.2 93.9c-2.1 37-2.1 147.9 0 184.9 1.7 35.9 9.9 67.7 36.2 93.9s58 34.4 93.9 36.2c37 2.1 147.9 2.1 184.9 0 35.9-1.7 67.7-9.9 93.9-36.2 26.2-26.2 34.4-58 36.2-93.9 2.1-37 2.1-147.8 0-184.8zM398.8 388c-7.8 19.6-22.9 34.7-42.6 42.6-29.5 11.7-99.5 9-132.1 9s-102.7 2.6-132.1-9c-19.6-7.8-34.7-22.9-42.6-42.6-11.7-29.5-9-99.5-9-132.1s-2.6-102.7 9-132.1c7.8-19.6 22.9-34.7 42.6-42.6 29.5-11.7 99.5-9 132.1-9s102.7-2.6 132.1 9c19.6 7.8 34.7 22.9 42.6 42.6 11.7 29.5 9 99.5 9 132.1s2.7 102.7-9 132.1z\"><\/path>\n                <\/svg>\t\t\t\t<span>Seguir en Instagram<\/span>\n\t\t\t<\/a>\n\t\t<\/span>\n\t\n<\/div>\n\t\t<span class=\"sbi_resized_image_data\" data-feed-id=\"*7\"\n\t\t  data-resized=\"[]\">\n\t<\/span>\n\t<\/div>\n\n<script type=\"text\/javascript\">var sb_instagram_js_options = {\"font_method\":\"svg\",\"placeholder\":\"https:\\\/\\\/webto.colegiomayor.cl\\\/wp-content\\\/plugins\\\/instagram-feed\\\/img\\\/placeholder.png\",\"resized_url\":\"https:\\\/\\\/webto.colegiomayor.cl\\\/wp-content\\\/uploads\\\/sb-instagram-feed-images\\\/\",\"ajax_url\":\"https:\\\/\\\/webto.colegiomayor.cl\\\/wp-admin\\\/admin-ajax.php\"};<\/script><script type='text\/javascript' src='https:\/\/webto.colegiomayor.cl\/wp-content\/plugins\/instagram-feed\/js\/sbi-scripts.min.js?ver=6.10.1'><\/script>[\/vc_column_text][\/vc_column][\/vc_row]<\/p>\n<\/div>","protected":false},"excerpt":{"rendered":"<p>[vc_section css=&#8221;.vc_custom_1755295765699{margin-top: 25px !important;}&#8221;][vc_row][vc_column width=&#8221;1\/4&#8243;][vc_single_image image=&#8221;43481&#8243; img_size=&#8221;full&#8221; onclick=&#8221;custom_link&#8221; css=&#8221;&#8221; link=&#8221;https:\/\/webto.colegiomayor.cl\/?page_id=43478&#8243;][\/vc_column][vc_column width=&#8221;3\/4&#8243;][vc_column_text css=&#8221;&#8221;]\u00danete a nuestra comunidad de exalumnos de los Colegios Mayor, donde podr\u00e1s reconectar con quienes compartiste una parte significativa de tu vida, y adem\u00e1s, podr\u00e1s participar y beneficiarte de ser parte de nuevos desaf\u00edos.&nbsp;<a href=\"https:\/\/webto.colegiomayor.cl\/?page_id=43528\">&hellip;<\/a><\/p>\n","protected":false},"author":1,"featured_media":0,"parent":0,"menu_order":0,"comment_status":"closed","ping_status":"closed","template":"template-fullwidth-no-title.php","meta":{"content-type":"","footnotes":""},"class_list":["post-43528","page","type-page","status-publish","hentry","odd"],"rttpg_featured_image_url":null,"rttpg_author":{"display_name":"josefariesco@gmail.com","author_link":"https:\/\/webto.colegiomayor.cl\/?author=1"},"rttpg_comment":0,"rttpg_category":null,"rttpg_excerpt":"[vc_section css=&#8221;.vc_custom_1755295765699{margin-top: 25px !important;}&#8221;][vc_row][vc_column width=&#8221;1\/4&#8243;][vc_single_image image=&#8221;43481&#8243; img_size=&#8221;full&#8221; onclick=&#8221;custom_link&#8221; css=&#8221;&#8221; link=&#8221;https:\/\/webto.colegiomayor.cl\/?page_id=43478&#8243;][\/vc_column][vc_column width=&#8221;3\/4&#8243;][vc_column_text css=&#8221;&#8221;]\u00danete a nuestra comunidad de exalumnos de los Colegios Mayor, donde podr\u00e1s reconectar con quienes compartiste una parte significativa de tu vida, y adem\u00e1s, podr\u00e1s participar y beneficiarte de ser parte de nuevos desaf\u00edos.&nbsp;&hellip;","_links":{"self":[{"href":"https:\/\/webto.colegiomayor.cl\/index.php?rest_route=\/wp\/v2\/pages\/43528","targetHints":{"allow":["GET"]}}],"collection":[{"href":"https:\/\/webto.colegiomayor.cl\/index.php?rest_route=\/wp\/v2\/pages"}],"about":[{"href":"https:\/\/webto.colegiomayor.cl\/index.php?rest_route=\/wp\/v2\/types\/page"}],"author":[{"embeddable":true,"href":"https:\/\/webto.colegiomayor.cl\/index.php?rest_route=\/wp\/v2\/users\/1"}],"replies":[{"embeddable":true,"href":"https:\/\/webto.colegiomayor.cl\/index.php?rest_route=%2Fwp%2Fv2%2Fcomments&post=43528"}],"version-history":[{"count":3,"href":"https:\/\/webto.colegiomayor.cl\/index.php?rest_route=\/wp\/v2\/pages\/43528\/revisions"}],"predecessor-version":[{"id":43577,"href":"https:\/\/webto.colegiomayor.cl\/index.php?rest_route=\/wp\/v2\/pages\/43528\/revisions\/43577"}],"wp:attachment":[{"href":"https:\/\/webto.colegiomayor.cl\/index.php?rest_route=%2Fwp%2Fv2%2Fmedia&parent=43528"}],"curies":[{"name":"wp","href":"https:\/\/api.w.org\/{rel}","templated":true}]}}