{"id":42079,"date":"2025-01-21T16:39:29","date_gmt":"2025-01-21T19:39:29","guid":{"rendered":"https:\/\/webto.colegiomayor.cl\/?page_id=42079"},"modified":"2025-01-21T16:50:06","modified_gmt":"2025-01-21T19:50:06","slug":"after-school-copy","status":"publish","type":"page","link":"https:\/\/webto.colegiomayor.cl\/?page_id=42079","title":{"rendered":"Deporte"},"content":{"rendered":"<div class=\"wpb-content-wrapper\"><p>[vc_row][vc_column css=&#8221;.vc_custom_1490101954713{margin-bottom: 0px !important;}&#8221;][vc_custom_heading text=&#8221;Deporte&#8221; font_container=&#8221;tag:h1|text_align:left&#8221; use_theme_fonts=&#8221;yes&#8221; css=&#8221;&#8221;][vc_row_inner][vc_column_inner width=&#8221;1\/4&#8243;][vc_single_image image=&#8221;41934&#8243; img_size=&#8221;full&#8221; css=&#8221;&#8221;][\/vc_column_inner][vc_column_inner width=&#8221;3\/4&#8243;][vc_column_text css=&#8221;&#8221;]<strong>Descubre c\u00f3mo nuestra comunidad educativa impulsa el desarrollo cognitivo, <\/strong><strong>emocional y f\u00edsico a trav\u00e9s de su enfoque integral en la formaci\u00f3n deportiva, <\/strong><strong>destacando logros recientes en competiciones internacionales.<\/strong>[\/vc_column_text][\/vc_column_inner][\/vc_row_inner][\/vc_column][\/vc_row][vc_row][vc_column][vc_column_text css=&#8221;&#8221;]Descubre c\u00f3mo nuestra comunidad educativa impulsa el desarrollo cognitivo, emocional y f\u00edsico a trav\u00e9s de su enfoque integral en la formaci\u00f3n deportiva, destacando logros recientes en competiciones internacionales.<\/p>\n<p>En la b\u00fasqueda constante de brindar una educaci\u00f3n integral, Colegio Mayor se destaca por su compromiso en la formaci\u00f3n deportiva y en el desarrollo cognitivo, emocional y f\u00edsico de sus estudiantes.<\/p>\n<p>Desde sus inicios, el Colegio Mayor Tobalaba ha considerado fundamental el desarrollo deportivo para el crecimiento f\u00edsico y mental de sus estudiantes. La formaci\u00f3n deportiva contribuye a la madurez, \u00e1rea pedag\u00f3gica y desarrollo de competencias, siendo parte esencial de su propuesta educativa.<\/p>\n<p>Contamos con una oferta de diversas actividades deportivas integradas en el plan de estudios, con instalaciones deportivas de primer nivel, programas de entrenamiento especializado, y la filosof\u00eda del colegio respecto a la importancia del deporte en el desarrollo de ni\u00f1os y ni\u00f1as.<\/p>\n<p>Los estudiantes de los niveles de PG, PK y K potencian el desarrollo de sus habilidades cognitivas articulado con un programa especial de psicomotricidad orientado a fortalecer el desarrollo global y uniforme de los ni\u00f1os o ni\u00f1as.<\/p>\n<p>Nuestra instituci\u00f3n procura que todos los estudiantes interesados participen en actividades deportivas. La motivaci\u00f3n para ello se hace a trav\u00e9s de sus profesores entrenadores, canales de comunicaci\u00f3n y jornadas deportivas familiares. Adem\u00e1s, se destacan las competiciones con otras instituciones, como los Juegos Panamericanos y otras competiciones internacionales.<\/p>\n<p>Contamos con un equipo de profesores\/entrenadores especializado en cada disciplina, que le permite a cada estudiante seleccionado\/a, no s\u00f3lo potenciar al m\u00e1ximo sus habilidades deportivas en la especialidad elegida, sino forjar su car\u00e1cter, la templanza, capacidad de resiliencia y el trabajo en equipo.<\/p>\n<p>A trav\u00e9s de su enfoque en la formaci\u00f3n deportiva, el colegio busca promover valores como respeto, disciplina, car\u00e1cter, perseverancia, templanza, capacidad de resiliencia y trabajo en equipo. Estos valores se integran en el Proyecto Educativo, que enfatiza la autonom\u00eda, vida saludable y buena convivencia escolar.[\/vc_column_text][\/vc_column][\/vc_row]<\/p>\n<\/div>","protected":false},"excerpt":{"rendered":"<p>[vc_row][vc_column css=&#8221;.vc_custom_1490101954713{margin-bottom: 0px !important;}&#8221;][vc_custom_heading text=&#8221;Deporte&#8221; font_container=&#8221;tag:h1|text_align:left&#8221; use_theme_fonts=&#8221;yes&#8221; css=&#8221;&#8221;][vc_row_inner][vc_column_inner width=&#8221;1\/4&#8243;][vc_single_image image=&#8221;41934&#8243; img_size=&#8221;full&#8221; css=&#8221;&#8221;][\/vc_column_inner][vc_column_inner width=&#8221;3\/4&#8243;][vc_column_text css=&#8221;&#8221;]Descubre c\u00f3mo nuestra comunidad educativa impulsa el desarrollo cognitivo, emocional y f\u00edsico a trav\u00e9s de su enfoque integral en la formaci\u00f3n deportiva, destacando logros recientes en competiciones internacionales.[\/vc_column_text][\/vc_column_inner][\/vc_row_inner][\/vc_column][\/vc_row][vc_row][vc_column][vc_column_text css=&#8221;&#8221;]Descubre c\u00f3mo nuestra comunidad&nbsp;<a href=\"https:\/\/webto.colegiomayor.cl\/?page_id=42079\">&hellip;<\/a><\/p>\n","protected":false},"author":1,"featured_media":0,"parent":0,"menu_order":0,"comment_status":"closed","ping_status":"closed","template":"","meta":{"content-type":"","footnotes":""},"class_list":["post-42079","page","type-page","status-publish","hentry","odd"],"rttpg_featured_image_url":null,"rttpg_author":{"display_name":"josefariesco@gmail.com","author_link":"https:\/\/webto.colegiomayor.cl\/?author=1"},"rttpg_comment":0,"rttpg_category":null,"rttpg_excerpt":"[vc_row][vc_column css=&#8221;.vc_custom_1490101954713{margin-bottom: 0px !important;}&#8221;][vc_custom_heading text=&#8221;Deporte&#8221; font_container=&#8221;tag:h1|text_align:left&#8221; use_theme_fonts=&#8221;yes&#8221; css=&#8221;&#8221;][vc_row_inner][vc_column_inner width=&#8221;1\/4&#8243;][vc_single_image image=&#8221;41934&#8243; img_size=&#8221;full&#8221; css=&#8221;&#8221;][\/vc_column_inner][vc_column_inner width=&#8221;3\/4&#8243;][vc_column_text css=&#8221;&#8221;]Descubre c\u00f3mo nuestra comunidad educativa impulsa el desarrollo cognitivo, emocional y f\u00edsico a trav\u00e9s de su enfoque integral en la formaci\u00f3n deportiva, destacando logros recientes en competiciones internacionales.[\/vc_column_text][\/vc_column_inner][\/vc_row_inner][\/vc_column][\/vc_row][vc_row][vc_column][vc_column_text css=&#8221;&#8221;]Descubre c\u00f3mo nuestra comunidad&nbsp;&hellip;","_links":{"self":[{"href":"https:\/\/webto.colegiomayor.cl\/index.php?rest_route=\/wp\/v2\/pages\/42079","targetHints":{"allow":["GET"]}}],"collection":[{"href":"https:\/\/webto.colegiomayor.cl\/index.php?rest_route=\/wp\/v2\/pages"}],"about":[{"href":"https:\/\/webto.colegiomayor.cl\/index.php?rest_route=\/wp\/v2\/types\/page"}],"author":[{"embeddable":true,"href":"https:\/\/webto.colegiomayor.cl\/index.php?rest_route=\/wp\/v2\/users\/1"}],"replies":[{"embeddable":true,"href":"https:\/\/webto.colegiomayor.cl\/index.php?rest_route=%2Fwp%2Fv2%2Fcomments&post=42079"}],"version-history":[{"count":6,"href":"https:\/\/webto.colegiomayor.cl\/index.php?rest_route=\/wp\/v2\/pages\/42079\/revisions"}],"predecessor-version":[{"id":42086,"href":"https:\/\/webto.colegiomayor.cl\/index.php?rest_route=\/wp\/v2\/pages\/42079\/revisions\/42086"}],"wp:attachment":[{"href":"https:\/\/webto.colegiomayor.cl\/index.php?rest_route=%2Fwp%2Fv2%2Fmedia&parent=42079"}],"curies":[{"name":"wp","href":"https:\/\/api.w.org\/{rel}","templated":true}]}}