{"id":37170,"date":"2024-12-16T01:55:57","date_gmt":"2024-12-16T04:55:57","guid":{"rendered":"http:\/\/34.19.110.19\/?page_id=37170"},"modified":"2025-01-10T23:19:19","modified_gmt":"2025-01-11T02:19:19","slug":"informe-alumnos-copy","status":"publish","type":"page","link":"https:\/\/webto.colegiomayor.cl\/?page_id=37170","title":{"rendered":"Cobertura Individual de Escolaridad"},"content":{"rendered":"<div class=\"wpb-content-wrapper\"><p>[vc_row css=&#8221;.vc_custom_1491472723216{margin-bottom: 20px !important;}&#8221;][vc_column css=&#8221;.vc_custom_1490090587979{margin-bottom: 0px !important;}&#8221;][vc_custom_heading text=&#8221;Cobertura Individual de Escolaridad&#8221; font_container=&#8221;tag:h1|text_align:left&#8221; use_theme_fonts=&#8221;yes&#8221; css=&#8221;.vc_custom_1736561683012{margin-top: 0px !important;margin-bottom: 20px !important;}&#8221;][vc_row_inner][vc_column_inner width=&#8221;1\/3&#8243;][vc_single_image image=&#8221;41823&#8243; img_size=&#8221;full&#8221; css=&#8221;&#8221;][\/vc_column_inner][vc_column_inner width=&#8221;2\/3&#8243;][vc_column_text css=&#8221;&#8221;]<\/p>\n<ol>\n<li>El Colegio Mayor, ante el fallecimiento o invalidez permanente 2\/3 \u00a0del sostenedor del alumno beneficiaro, cubrir\u00e1 las colegiaturas correspondientes a arancel y matr\u00edcula anual por el tiempo que reste desde el momento en que el colegio sea notificado del siniestro hasta completar el 4\u00b0 a\u00f1o medio, dando cumplimiento a los requisitos que se se\u00f1alan m\u00e1s adelante.<\/li>\n<\/ol>\n<p>[\/vc_column_text][\/vc_column_inner][\/vc_row_inner][vc_column_text css=&#8221;&#8221;]<\/p>\n<ol>\n<li>Adicionalmente, ante el fallecimiento o invalidez permanente 2\/3 del padre o madre que no tenga la categor\u00eda de sostenedor pero que su labor o ingresos personales constituyan, acreditadamente, parte del sustento permanente del alumno, quedar\u00e1 cubierto el alumno beneficiario en las mismas condiciones que las se\u00f1aladas en el n\u00famero anterior.<\/li>\n<li>Una vez que entre en vigencia la cobertura descrita anteriormente, su renovaci\u00f3n anual estar\u00e1 sujeta a que el alumno beneficiario no haya incurrido en ninguna falta que amerite la aplicaci\u00f3n de \u201cmatr\u00edcula condicional\u201d, en cualquiera de sus grados, en conformidad al Reglamento de Convivencia Vigente.<\/li>\n<li>Se deja establecido que para acceder a la cobertura del beneficio, no se deben registrar morosidades ni protestos vigentes a la fecha del siniestro.<\/li>\n<li>El siniestro, ya sea fallecimiento o invalidez permanente 2\/3 debe acreditarse mediante certificado del registro civil u organismo competente seg\u00fan el caso. La cobertura se aplicar\u00e1 a contar del mes siguiente al de la fecha de notificaci\u00f3n del siniestro.<\/li>\n<li>La cobertura estar\u00e1 vigente en el intertanto el alumno beneficiario tenga la categor\u00eda de alumno regular, la que se adquiere a trav\u00e9s de la renovaci\u00f3n de matr\u00edcula anual, por tanto, es continua sin necesidad de per\u00edodo de preexistencia.<\/li>\n<li>El Colegio certificara la asignaci\u00f3n del beneficio a trav\u00e9s de una resoluci\u00f3n del Director General del Colegio.<\/li>\n<\/ol>\n<p>[\/vc_column_text][\/vc_column][\/vc_row]<\/p>\n<\/div>","protected":false},"excerpt":{"rendered":"<p>[vc_row css=&#8221;.vc_custom_1491472723216{margin-bottom: 20px !important;}&#8221;][vc_column css=&#8221;.vc_custom_1490090587979{margin-bottom: 0px !important;}&#8221;][vc_custom_heading text=&#8221;Cobertura Individual de Escolaridad&#8221; font_container=&#8221;tag:h1|text_align:left&#8221; use_theme_fonts=&#8221;yes&#8221; css=&#8221;.vc_custom_1736561683012{margin-top: 0px !important;margin-bottom: 20px !important;}&#8221;][vc_row_inner][vc_column_inner width=&#8221;1\/3&#8243;][vc_single_image image=&#8221;41823&#8243; img_size=&#8221;full&#8221; css=&#8221;&#8221;][\/vc_column_inner][vc_column_inner width=&#8221;2\/3&#8243;][vc_column_text css=&#8221;&#8221;] El Colegio Mayor, ante el fallecimiento o invalidez permanente 2\/3 \u00a0del sostenedor del alumno beneficiaro, cubrir\u00e1 las colegiaturas correspondientes a arancel&nbsp;<a href=\"https:\/\/webto.colegiomayor.cl\/?page_id=37170\">&hellip;<\/a><\/p>\n","protected":false},"author":1,"featured_media":0,"parent":978,"menu_order":2,"comment_status":"closed","ping_status":"closed","template":"template-sidebar-right-childpages.php","meta":{"content-type":"","footnotes":""},"class_list":["post-37170","page","type-page","status-publish","hentry","odd"],"rttpg_featured_image_url":null,"rttpg_author":{"display_name":"josefariesco@gmail.com","author_link":"https:\/\/webto.colegiomayor.cl\/?author=1"},"rttpg_comment":0,"rttpg_category":null,"rttpg_excerpt":"[vc_row css=&#8221;.vc_custom_1491472723216{margin-bottom: 20px !important;}&#8221;][vc_column css=&#8221;.vc_custom_1490090587979{margin-bottom: 0px !important;}&#8221;][vc_custom_heading text=&#8221;Cobertura Individual de Escolaridad&#8221; font_container=&#8221;tag:h1|text_align:left&#8221; use_theme_fonts=&#8221;yes&#8221; css=&#8221;.vc_custom_1736561683012{margin-top: 0px !important;margin-bottom: 20px !important;}&#8221;][vc_row_inner][vc_column_inner width=&#8221;1\/3&#8243;][vc_single_image image=&#8221;41823&#8243; img_size=&#8221;full&#8221; css=&#8221;&#8221;][\/vc_column_inner][vc_column_inner width=&#8221;2\/3&#8243;][vc_column_text css=&#8221;&#8221;] El Colegio Mayor, ante el fallecimiento o invalidez permanente 2\/3 \u00a0del sostenedor del alumno beneficiaro, cubrir\u00e1 las colegiaturas correspondientes a arancel&nbsp;&hellip;","_links":{"self":[{"href":"https:\/\/webto.colegiomayor.cl\/index.php?rest_route=\/wp\/v2\/pages\/37170","targetHints":{"allow":["GET"]}}],"collection":[{"href":"https:\/\/webto.colegiomayor.cl\/index.php?rest_route=\/wp\/v2\/pages"}],"about":[{"href":"https:\/\/webto.colegiomayor.cl\/index.php?rest_route=\/wp\/v2\/types\/page"}],"author":[{"embeddable":true,"href":"https:\/\/webto.colegiomayor.cl\/index.php?rest_route=\/wp\/v2\/users\/1"}],"replies":[{"embeddable":true,"href":"https:\/\/webto.colegiomayor.cl\/index.php?rest_route=%2Fwp%2Fv2%2Fcomments&post=37170"}],"version-history":[{"count":3,"href":"https:\/\/webto.colegiomayor.cl\/index.php?rest_route=\/wp\/v2\/pages\/37170\/revisions"}],"predecessor-version":[{"id":41825,"href":"https:\/\/webto.colegiomayor.cl\/index.php?rest_route=\/wp\/v2\/pages\/37170\/revisions\/41825"}],"up":[{"embeddable":true,"href":"https:\/\/webto.colegiomayor.cl\/index.php?rest_route=\/wp\/v2\/pages\/978"}],"wp:attachment":[{"href":"https:\/\/webto.colegiomayor.cl\/index.php?rest_route=%2Fwp%2Fv2%2Fmedia&parent=37170"}],"curies":[{"name":"wp","href":"https:\/\/api.w.org\/{rel}","templated":true}]}}