{"id":151,"date":"2017-02-14T08:32:22","date_gmt":"2017-02-14T08:32:22","guid":{"rendered":"http:\/\/ed.aislinthemes.com\/?page_id=659"},"modified":"2025-02-01T16:53:30","modified_gmt":"2025-02-01T19:53:30","slug":"cuerpo-directivo","status":"publish","type":"page","link":"https:\/\/webto.colegiomayor.cl\/?page_id=151","title":{"rendered":"Cuerpo Directivo"},"content":{"rendered":"<div class=\"wpb-content-wrapper\"><p>[vc_row][vc_column css=&#8221;.vc_custom_1489757465967{margin-bottom: 0px !important;}&#8221;][vc_custom_heading text=&#8221;Cuerpo Directivo&#8221; font_container=&#8221;tag:h1|text_align:left&#8221; use_theme_fonts=&#8221;yes&#8221; css=&#8221;.vc_custom_1732555750997{margin-top: 0px !important;margin-bottom: 20px !important;}&#8221;][vc_column_text css=&#8221;.vc_custom_1738439527918{margin-bottom: 10px !important;}&#8221;]El Consejo Directivo tiene como rol fundamental velar por el correcto desarrollo del proyecto educativo del colegio, por una sana convivencia escolar, por el cumplimiento de las normas y regulaciones aplicables a la comunidad escolar y por la b\u00fasqueda y el desarrollo de la innovaci\u00f3n pedag\u00f3gica que asegure un proceso de calidad de mejoramiento en la formaci\u00f3n de nuestros estudiantes.<\/p>\n<p>Este Consejo est\u00e1 integrado por su Presidente, Sr. C\u00e9sar Saldivia \u00c1guila, nuestro rectora, Sra. Alejandra Rosales y Directores de Ciclo. Adem\u00e1s, participan de esta instancia la Direcci\u00f3n de Admisi\u00f3n y Comunicaciones, Administraci\u00f3n General, Direcci\u00f3n de Convivencia Escolar y Asesor Curricular.[\/vc_column_text][vc_custom_heading text=&#8221;DIRECTORES&#8221; font_container=&#8221;tag:h1|text_align:left&#8221; use_theme_fonts=&#8221;yes&#8221; css=&#8221;.vc_custom_1738439549028{margin-top: 0px !important;margin-bottom: 20px !important;}&#8221;]\t\t<div class=\"vc_row scp-teachers scp-teachers-3 \">\n\t\t\t\t\t\t<div class=\"teacher one third wh-padding\">\n\t\t\t\t<div class=\"inner-wrap\">\n\t\t\t\t\t<div class=\"thumbnail\">\n\t\t\t\t\t\t\t\t\t\t\t<\/div>\n\t\t\t\t\t<div class=\"item\">\n\t\t\t\t\t\t<h5 class=\"entry-title\"><a\n\t\t\t\t\t\t\t\thref=\"https:\/\/webto.colegiomayor.cl\/?teacher=macarena-salas\">Alejandra Rosales Gonz\u00e1lez<\/a>\n\t\t\t\t\t\t<\/h5>\n\t\t\t\t\t\t\t\t\t\t\t\t\t\t\t\t\t\t\t<h6 class=\"job-title\">Rectora<\/h6>\n\t\t\t\t\t\t\t\t\t\t\t\t\t\t\t\t\t\t\t\t\t\t\t\t\t<div class=\"summary\"><p>Profesora de Castellano de la Universidad Metropolitana de las Ciencias de la Educaci\u00f3n, Diplomada en Medici\u00f3n y Evaluaci\u00f3n de Aprendizajes...<\/p>\n<\/div>\n\t\t\t\t\t\t\n\t\t\t\t\t\t\t\t\t\t\t\t\t\t\t\t\t<\/div>\n\t\t\t\t<\/div>\n\t\t\t<\/div>\n\t\t\t\t\t\t<div class=\"teacher one third wh-padding\">\n\t\t\t\t<div class=\"inner-wrap\">\n\t\t\t\t\t<div class=\"thumbnail\">\n\t\t\t\t\t\t\t\t\t\t\t<\/div>\n\t\t\t\t\t<div class=\"item\">\n\t\t\t\t\t\t<h5 class=\"entry-title\"><a\n\t\t\t\t\t\t\t\thref=\"https:\/\/webto.colegiomayor.cl\/?teacher=pilar-gutierrez\">Pedro Salas Pimentel<\/a>\n\t\t\t\t\t\t<\/h5>\n\t\t\t\t\t\t\t\t\t\t\t\t\t\t\t\t\t\t\t<h6 class=\"job-title\">Director de Educaci\u00f3n Media<\/h6>\n\t\t\t\t\t\t\t\t\t\t\t\t\t\t\t\t\t\t\t\t\t\t\t\t\t<div class=\"summary\"><p>Profesor de Castellano de la Universidad de Playa Ancha.<\/p>\n<p>Mag\u00edster en Literatura Hisp\u00e1nica de la Pontificia Universidad Cat\u00f3lica de Valpara\u00edso.<\/p>\n<\/div>\n\t\t\t\t\t\t\n\t\t\t\t\t\t\t\t\t\t\t\t\t\t\t\t\t<\/div>\n\t\t\t\t<\/div>\n\t\t\t<\/div>\n\t\t\t\t\t\t<div class=\"teacher one third wh-padding\">\n\t\t\t\t<div class=\"inner-wrap\">\n\t\t\t\t\t<div class=\"thumbnail\">\n\t\t\t\t\t\t\t\t\t\t\t<\/div>\n\t\t\t\t\t<div class=\"item\">\n\t\t\t\t\t\t<h5 class=\"entry-title\"><a\n\t\t\t\t\t\t\t\thref=\"https:\/\/webto.colegiomayor.cl\/?teacher=claudia-pantoja\">Paulina Leiva Calzadilla<\/a>\n\t\t\t\t\t\t<\/h5>\n\t\t\t\t\t\t\t\t\t\t\t\t\t\t\t\t\t\t\t<h6 class=\"job-title\">Directora de Primer Ciclo<\/h6>\n\t\t\t\t\t\t\t\t\t\t\t\t\t\t\t\t\t\t\t\t\t\t\t\t\t<div class=\"summary\"><p>Educadora de P\u00e1rvulo y especialista en dificultades del aprendizaje de la\u00a0 Universidad Cat\u00f3lica.<br \/>\nMagister en gesti\u00f3n y proyectos curriculares de la \u00a0Universidad Andr\u00e9s Bello.<\/p>\n<\/div>\n\t\t\t\t\t\t\n\t\t\t\t\t\t\t\t\t\t\t\t\t\t\t\t\t<\/div>\n\t\t\t\t<\/div>\n\t\t\t<\/div>\n\t\t\t\t\t\t<div class=\"teacher one third wh-padding\">\n\t\t\t\t<div class=\"inner-wrap\">\n\t\t\t\t\t<div class=\"thumbnail\">\n\t\t\t\t\t\t\t\t\t\t\t<\/div>\n\t\t\t\t\t<div class=\"item\">\n\t\t\t\t\t\t<h5 class=\"entry-title\"><a\n\t\t\t\t\t\t\t\thref=\"https:\/\/webto.colegiomayor.cl\/?teacher=jose-miguel-arriagada\">Gloria Figueroa Tapia<\/a>\n\t\t\t\t\t\t<\/h5>\n\t\t\t\t\t\t\t\t\t\t\t\t\t\t\t\t\t\t\t<h6 class=\"job-title\">Directora de Segundo Ciclo<\/h6>\n\t\t\t\t\t\t\t\t\t\t\t\t\t\t\t\t\t\t\t\t\t\t\t\t\t<div class=\"summary\"><p>Licenciada en Ling\u00fc\u00edstica, con menci\u00f3n en habla inglesa de la Universidad de Chile.<\/p>\n<\/div>\n\t\t\t\t\t\t\n\t\t\t\t\t\t\t\t\t\t\t\t\t\t\t\t\t<\/div>\n\t\t\t\t<\/div>\n\t\t\t<\/div>\n\t\t\t\t\t\t<div class=\"teacher one third wh-padding\">\n\t\t\t\t<div class=\"inner-wrap\">\n\t\t\t\t\t<div class=\"thumbnail\">\n\t\t\t\t\t\t\t\t\t\t\t<\/div>\n\t\t\t\t\t<div class=\"item\">\n\t\t\t\t\t\t<h5 class=\"entry-title\"><a\n\t\t\t\t\t\t\t\thref=\"https:\/\/webto.colegiomayor.cl\/?teacher=gema-martinez\">Nicole Silva Pino<\/a>\n\t\t\t\t\t\t<\/h5>\n\t\t\t\t\t\t\t\t\t\t\t\t\t\t\t\t\t\t\t<h6 class=\"job-title\">Direcci\u00f3n de Convivencia Escolar<\/h6>\n\t\t\t\t\t\t\t\t\t\t\t\t\t\t\t\t\t\t\t\t\t\t\t\t\t<div class=\"summary\"><p>Licenciada en psicolog\u00eda y psic\u00f3loga de la Universidad Aut\u00f3noma de Chile,<\/p>\n<p>Mag\u00edster en Psicolog\u00eda Educacional de la Universidad Mayor,<\/p>\n<p>y docente de la Universidad Aut\u00f3noma de Chile.<\/p>\n<\/div>\n\t\t\t\t\t\t\n\t\t\t\t\t\t\t\t\t\t\t\t\t\t\t\t\t<\/div>\n\t\t\t\t<\/div>\n\t\t\t<\/div>\n\t\t\t\t\t\t<div class=\"teacher one third wh-padding\">\n\t\t\t\t<div class=\"inner-wrap\">\n\t\t\t\t\t<div class=\"thumbnail\">\n\t\t\t\t\t\t\t\t\t\t\t<\/div>\n\t\t\t\t\t<div class=\"item\">\n\t\t\t\t\t\t<h5 class=\"entry-title\"><a\n\t\t\t\t\t\t\t\thref=\"https:\/\/webto.colegiomayor.cl\/?teacher=juan-carlos-henriquez\">Juan Carlos Henr\u00edquez<\/a>\n\t\t\t\t\t\t<\/h5>\n\t\t\t\t\t\t\t\t\t\t\t\t\t\t\t\t\t\t\t<h6 class=\"job-title\">Direcci\u00f3n de Administraci\u00f3n<\/h6>\n\t\t\t\t\t\t\t\t\t\t\t\t\t\t\t\t\t\t\t\t\t\t\t\t\t<div class=\"summary\">[vc_row][vc_column css=&#8221;.vc_custom_1489757465967{margin-bottom: 0px !important;}&#8221;][vc_custom_heading text=&#8221;Cuerpo Directivo&#8221; font_container=&#8221;tag:h1|text_align:left&#8221; use_theme_fonts=&#8221;yes&#8221; css=&#8221;.vc_custom_1732555750997{margin-top: 0px !important;margin-bottom: 20px !important;}&#8221;][vc_column_text css=&#8221;.vc_custom_1738439527918{margin-bottom: 10px !important;}&#8221;]El Consejo Directivo tiene como rol fundamental velar por el correcto desarrollo del proyecto educativo del colegio, por una sana convivencia escolar, por el cumplimiento de las normas y regulaciones&nbsp;<a href=\"https:\/\/webto.colegiomayor.cl\/?page_id=151\">&hellip;<\/a><\/div>\n\t\t\t\t\t\t\n\t\t\t\t\t\t\t\t\t\t\t\t\t\t\t\t\t<\/div>\n\t\t\t\t<\/div>\n\t\t\t<\/div>\n\t\t\t\t\t\t<div class=\"teacher one third wh-padding\">\n\t\t\t\t<div class=\"inner-wrap\">\n\t\t\t\t\t<div class=\"thumbnail\">\n\t\t\t\t\t\t\t\t\t\t\t<\/div>\n\t\t\t\t\t<div class=\"item\">\n\t\t\t\t\t\t<h5 class=\"entry-title\"><a\n\t\t\t\t\t\t\t\thref=\"https:\/\/webto.colegiomayor.cl\/?teacher=catherine-leon-paredes\">Catherine Le\u00f3n<\/a>\n\t\t\t\t\t\t<\/h5>\n\t\t\t\t\t\t\t\t\t\t\t\t\t\t\t\t\t\t\t<h6 class=\"job-title\">Direcci\u00f3n de Admisi\u00f3n y Comunicaciones<\/h6>\n\t\t\t\t\t\t\t\t\t\t\t\t\t\t\t\t\t\t\t\t\t\t\t\t\t<div class=\"summary\"><p>Licenciada en Comunicaci\u00f3n Social.<\/p>\n<p>Periodista de la Universidad Cat\u00f3lica de Concepci\u00f3n.<\/p>\n<p>E- mail <a href=\"mailto:admision@cmto.cl\">admision@cmto.cl<\/a><\/p>\n<\/div>\n\t\t\t\t\t\t\n\t\t\t\t\t\t\t\t\t\t\t\t\t\t\t\t\t<\/div>\n\t\t\t\t<\/div>\n\t\t\t<\/div>\n\t\t\t\t\t<\/div>\n\t\t[\/vc_column][\/vc_row]<\/p>\n<\/div>","protected":false},"excerpt":{"rendered":"<p>[vc_row][vc_column css=&#8221;.vc_custom_1489757465967{margin-bottom: 0px !important;}&#8221;][vc_custom_heading text=&#8221;Cuerpo Directivo&#8221; font_container=&#8221;tag:h1|text_align:left&#8221; use_theme_fonts=&#8221;yes&#8221; css=&#8221;.vc_custom_1732555750997{margin-top: 0px !important;margin-bottom: 20px !important;}&#8221;][vc_column_text css=&#8221;.vc_custom_1738439527918{margin-bottom: 10px !important;}&#8221;]El Consejo Directivo tiene como rol fundamental velar por el correcto desarrollo del proyecto educativo del colegio, por una sana convivencia escolar, por el cumplimiento de las normas y regulaciones&nbsp;<a href=\"https:\/\/webto.colegiomayor.cl\/?page_id=151\">&hellip;<\/a><\/p>\n","protected":false},"author":1,"featured_media":0,"parent":158,"menu_order":1,"comment_status":"closed","ping_status":"closed","template":"template-sidebar-right-childpages.php","meta":{"content-type":"","footnotes":""},"class_list":["post-151","page","type-page","status-publish","hentry","odd"],"rttpg_featured_image_url":null,"rttpg_author":{"display_name":"josefariesco@gmail.com","author_link":"https:\/\/webto.colegiomayor.cl\/?author=1"},"rttpg_comment":0,"rttpg_category":null,"rttpg_excerpt":"[vc_row][vc_column css=&#8221;.vc_custom_1489757465967{margin-bottom: 0px !important;}&#8221;][vc_custom_heading text=&#8221;Cuerpo Directivo&#8221; font_container=&#8221;tag:h1|text_align:left&#8221; use_theme_fonts=&#8221;yes&#8221; css=&#8221;.vc_custom_1732555750997{margin-top: 0px !important;margin-bottom: 20px !important;}&#8221;][vc_column_text css=&#8221;.vc_custom_1738439527918{margin-bottom: 10px !important;}&#8221;]El Consejo Directivo tiene como rol fundamental velar por el correcto desarrollo del proyecto educativo del colegio, por una sana convivencia escolar, por el cumplimiento de las normas y regulaciones&nbsp;&hellip;","_links":{"self":[{"href":"https:\/\/webto.colegiomayor.cl\/index.php?rest_route=\/wp\/v2\/pages\/151","targetHints":{"allow":["GET"]}}],"collection":[{"href":"https:\/\/webto.colegiomayor.cl\/index.php?rest_route=\/wp\/v2\/pages"}],"about":[{"href":"https:\/\/webto.colegiomayor.cl\/index.php?rest_route=\/wp\/v2\/types\/page"}],"author":[{"embeddable":true,"href":"https:\/\/webto.colegiomayor.cl\/index.php?rest_route=\/wp\/v2\/users\/1"}],"replies":[{"embeddable":true,"href":"https:\/\/webto.colegiomayor.cl\/index.php?rest_route=%2Fwp%2Fv2%2Fcomments&post=151"}],"version-history":[{"count":15,"href":"https:\/\/webto.colegiomayor.cl\/index.php?rest_route=\/wp\/v2\/pages\/151\/revisions"}],"predecessor-version":[{"id":42220,"href":"https:\/\/webto.colegiomayor.cl\/index.php?rest_route=\/wp\/v2\/pages\/151\/revisions\/42220"}],"up":[{"embeddable":true,"href":"https:\/\/webto.colegiomayor.cl\/index.php?rest_route=\/wp\/v2\/pages\/158"}],"wp:attachment":[{"href":"https:\/\/webto.colegiomayor.cl\/index.php?rest_route=%2Fwp%2Fv2%2Fmedia&parent=151"}],"curies":[{"name":"wp","href":"https:\/\/api.w.org\/{rel}","templated":true}]}}