{"id":144,"date":"2017-02-16T13:49:09","date_gmt":"2017-02-16T13:49:09","guid":{"rendered":"http:\/\/ed.aislinthemes.com\/?page_id=951"},"modified":"2025-02-01T17:02:50","modified_gmt":"2025-02-01T20:02:50","slug":"graduate","status":"publish","type":"page","link":"https:\/\/webto.colegiomayor.cl\/?page_id=144","title":{"rendered":"Infraestructura"},"content":{"rendered":"<div class=\"wpb-content-wrapper\"><p>[vc_row css=&#8221;.vc_custom_1487254495680{margin-bottom: 20px !important;}&#8221;][vc_column css=&#8221;.vc_custom_1490084817981{margin-bottom: 0px !important;}&#8221;][vc_custom_heading text=&#8221;Infraestructura&#8221; font_container=&#8221;tag:h1|text_align:left&#8221; use_theme_fonts=&#8221;yes&#8221; css=&#8221;.vc_custom_1732576861621{margin-top: 0px !important;margin-bottom: 20px !important;}&#8221;][vc_column_text css=&#8221;.vc_custom_1736285493582{margin-bottom: 20px !important;}&#8221;]Emplazado en uno de los mejores sectores del \u00e1rea Sur Oriente de Santiago, Colegio Mayor Tobalaba cuenta con 14.932 m2 de terreno, y sobre los 8.831 m2 construidos. Tenemos modernas y vanguardistas construcciones, en amplio espacio pensado en facilitar el desarrollo de nuestros estudiantes, tanto en el \u00e1mbito acad\u00e9mico como deportivo, proporcionando a nuestros estudiantes y su familia una educaci\u00f3n de calidad, innovadora y segura.[\/vc_column_text][vc_custom_heading text=&#8221;Algunas de nuestras principales instalaciones:&#8221; font_container=&#8221;tag:h4|text_align:left&#8221; use_theme_fonts=&#8221;yes&#8221; css=&#8221;&#8221;][\/vc_column][\/vc_row][vc_row css=&#8221;.vc_custom_1487772918429{margin-bottom: 35px !important;}&#8221;][vc_column width=&#8221;1\/2&#8243; css=&#8221;.vc_custom_1491472125812{margin-bottom: 0px !important;}&#8221;]\n\t\t\t\t\t<div class=\"wh-theme-icon  scp_theme_icon-f9dcd53763601280d58fc3e6573f1f72\">\n\t\t\t\t<i class=\"icon-edclock-one\"><\/i>\n\t\t\t<\/div>\n\t\t\t\t[vc_custom_heading text=&#8221;Salas de clases dotadas con la m\u00e1s alta tecnolog\u00eda.&#8221; font_container=&#8221;tag:p|text_align:left&#8221; use_theme_fonts=&#8221;yes&#8221; css=&#8221;.vc_custom_1736285290895{padding-left: 17px !important;}&#8221;]\n\t\t\t\t\t<div class=\"wh-theme-icon  scp_theme_icon-f9dcd53763601280d58fc3e6573f1f72\">\n\t\t\t\t<i class=\"icon-edclock-one\"><\/i>\n\t\t\t<\/div>\n\t\t\t\t[vc_custom_heading text=&#8221;Laboratorios m\u00f3viles de tecleras, tablet y notebook.&#8221; font_container=&#8221;tag:p|text_align:left&#8221; use_theme_fonts=&#8221;yes&#8221; css=&#8221;.vc_custom_1736285304383{padding-left: 17px !important;}&#8221;]\n\t\t\t\t\t<div class=\"wh-theme-icon  scp_theme_icon-f9dcd53763601280d58fc3e6573f1f72\">\n\t\t\t\t<i class=\"icon-edclock-one\"><\/i>\n\t\t\t<\/div>\n\t\t\t\t[vc_custom_heading text=&#8221;Wifi en cada sala de clases.&#8221; font_container=&#8221;tag:p|text_align:left&#8221; use_theme_fonts=&#8221;yes&#8221; css=&#8221;.vc_custom_1736285317349{padding-left: 17px !important;}&#8221;]\n\t\t\t\t\t<div class=\"wh-theme-icon  scp_theme_icon-f9dcd53763601280d58fc3e6573f1f72\">\n\t\t\t\t<i class=\"icon-edclock-one\"><\/i>\n\t\t\t<\/div>\n\t\t\t\t[vc_custom_heading text=&#8221;Sala de Grabaci\u00f3n audiovisual.&#8221; font_container=&#8221;tag:p|text_align:left&#8221; use_theme_fonts=&#8221;yes&#8221; css=&#8221;.vc_custom_1736285330380{padding-left: 17px !important;}&#8221;]\n\t\t\t\t\t<div class=\"wh-theme-icon  scp_theme_icon-f9dcd53763601280d58fc3e6573f1f72\">\n\t\t\t\t<i class=\"icon-edclock-one\"><\/i>\n\t\t\t<\/div>\n\t\t\t\t[vc_custom_heading text=&#8221;Cabinas de edici\u00f3n digital.&#8221; font_container=&#8221;tag:p|text_align:left&#8221; use_theme_fonts=&#8221;yes&#8221; css=&#8221;.vc_custom_1736285346646{padding-left: 17px !important;}&#8221;][\/vc_column][vc_column width=&#8221;1\/2&#8243; css=&#8221;.vc_custom_1490170400743{margin-bottom: 0px !important;}&#8221;]\n\t\t\t\t\t<div class=\"wh-theme-icon  scp_theme_icon-f9dcd53763601280d58fc3e6573f1f72\">\n\t\t\t\t<i class=\"icon-edclock-one\"><\/i>\n\t\t\t<\/div>\n\t\t\t\t[vc_custom_heading text=&#8221;Laboratorio de ciencias equipadas.&#8221; font_container=&#8221;tag:p|text_align:left&#8221; use_theme_fonts=&#8221;yes&#8221; css=&#8221;.vc_custom_1736285368146{padding-left: 17px !important;}&#8221;]\n\t\t\t\t\t<div class=\"wh-theme-icon  scp_theme_icon-f9dcd53763601280d58fc3e6573f1f72\">\n\t\t\t\t<i class=\"icon-edclock-one\"><\/i>\n\t\t\t<\/div>\n\t\t\t\t[vc_custom_heading text=&#8221;Amplio y c\u00f3modo casino.&#8221; font_container=&#8221;tag:p|text_align:left&#8221; use_theme_fonts=&#8221;yes&#8221; css=&#8221;.vc_custom_1736285379746{padding-left: 17px !important;}&#8221;]\n\t\t\t\t\t<div class=\"wh-theme-icon  scp_theme_icon-f9dcd53763601280d58fc3e6573f1f72\">\n\t\t\t\t<i class=\"icon-edclock-one\"><\/i>\n\t\t\t<\/div>\n\t\t\t\t[vc_custom_heading text=&#8221;Sala de Primeros Auxilios&#8221; font_container=&#8221;tag:p|text_align:left&#8221; use_theme_fonts=&#8221;yes&#8221; css=&#8221;.vc_custom_1738440156169{padding-left: 17px !important;}&#8221;]\n\t\t\t\t\t<div class=\"wh-theme-icon  scp_theme_icon-f9dcd53763601280d58fc3e6573f1f72\">\n\t\t\t\t<i class=\"icon-edclock-one\"><\/i>\n\t\t\t<\/div>\n\t\t\t\t[vc_custom_heading text=&#8221;Gimnasio.&#8221; font_container=&#8221;tag:p|text_align:left&#8221; use_theme_fonts=&#8221;yes&#8221; css=&#8221;.vc_custom_1736285404248{padding-left: 17px !important;}&#8221;]\n\t\t\t\t\t<div class=\"wh-theme-icon  scp_theme_icon-f9dcd53763601280d58fc3e6573f1f72\">\n\t\t\t\t<i class=\"icon-edclock-one\"><\/i>\n\t\t\t<\/div>\n\t\t\t\t[vc_custom_heading text=&#8221;Multicancha.&#8221; font_container=&#8221;tag:p|text_align:left&#8221; use_theme_fonts=&#8221;yes&#8221; css=&#8221;.vc_custom_1736285415780{padding-left: 17px !important;}&#8221;]\n\t\t\t\t\t<div class=\"wh-theme-icon  scp_theme_icon-f9dcd53763601280d58fc3e6573f1f72\">\n\t\t\t\t<i class=\"icon-edclock-one\"><\/i>\n\t\t\t<\/div>\n\t\t\t\t[vc_custom_heading text=&#8221;Cancha de futbolito.&#8221; font_container=&#8221;tag:p|text_align:left&#8221; use_theme_fonts=&#8221;yes&#8221; css=&#8221;.vc_custom_1736285433882{padding-left: 17px !important;}&#8221;][\/vc_column][\/vc_row][vc_row][vc_column][vc_single_image image=&#8221;41787&#8243; img_size=&#8221;full&#8221; css_animation=&#8221;fadeIn&#8221; css=&#8221;&#8221;][\/vc_column][\/vc_row]<\/p>\n<\/div>","protected":false},"excerpt":{"rendered":"<p>[vc_row css=&#8221;.vc_custom_1487254495680{margin-bottom: 20px !important;}&#8221;][vc_column css=&#8221;.vc_custom_1490084817981{margin-bottom: 0px !important;}&#8221;][vc_custom_heading text=&#8221;Infraestructura&#8221; font_container=&#8221;tag:h1|text_align:left&#8221; use_theme_fonts=&#8221;yes&#8221; css=&#8221;.vc_custom_1732576861621{margin-top: 0px !important;margin-bottom: 20px !important;}&#8221;][vc_column_text css=&#8221;.vc_custom_1736285493582{margin-bottom: 20px !important;}&#8221;]Emplazado en uno de los mejores sectores del \u00e1rea Sur Oriente de Santiago, Colegio Mayor Tobalaba cuenta con 14.932 m2 de terreno, y sobre los 8.831 m2 construidos.&nbsp;<a href=\"https:\/\/webto.colegiomayor.cl\/?page_id=144\">&hellip;<\/a><\/p>\n","protected":false},"author":1,"featured_media":0,"parent":158,"menu_order":4,"comment_status":"closed","ping_status":"closed","template":"template-sidebar-right-childpages.php","meta":{"content-type":"","footnotes":""},"class_list":["post-144","page","type-page","status-publish","hentry","odd"],"rttpg_featured_image_url":null,"rttpg_author":{"display_name":"josefariesco@gmail.com","author_link":"https:\/\/webto.colegiomayor.cl\/?author=1"},"rttpg_comment":0,"rttpg_category":null,"rttpg_excerpt":"[vc_row css=&#8221;.vc_custom_1487254495680{margin-bottom: 20px !important;}&#8221;][vc_column css=&#8221;.vc_custom_1490084817981{margin-bottom: 0px !important;}&#8221;][vc_custom_heading text=&#8221;Infraestructura&#8221; font_container=&#8221;tag:h1|text_align:left&#8221; use_theme_fonts=&#8221;yes&#8221; css=&#8221;.vc_custom_1732576861621{margin-top: 0px !important;margin-bottom: 20px !important;}&#8221;][vc_column_text css=&#8221;.vc_custom_1736285493582{margin-bottom: 20px !important;}&#8221;]Emplazado en uno de los mejores sectores del \u00e1rea Sur Oriente de Santiago, Colegio Mayor Tobalaba cuenta con 14.932 m2 de terreno, y sobre los 8.831 m2 construidos.&nbsp;&hellip;","_links":{"self":[{"href":"https:\/\/webto.colegiomayor.cl\/index.php?rest_route=\/wp\/v2\/pages\/144","targetHints":{"allow":["GET"]}}],"collection":[{"href":"https:\/\/webto.colegiomayor.cl\/index.php?rest_route=\/wp\/v2\/pages"}],"about":[{"href":"https:\/\/webto.colegiomayor.cl\/index.php?rest_route=\/wp\/v2\/types\/page"}],"author":[{"embeddable":true,"href":"https:\/\/webto.colegiomayor.cl\/index.php?rest_route=\/wp\/v2\/users\/1"}],"replies":[{"embeddable":true,"href":"https:\/\/webto.colegiomayor.cl\/index.php?rest_route=%2Fwp%2Fv2%2Fcomments&post=144"}],"version-history":[{"count":14,"href":"https:\/\/webto.colegiomayor.cl\/index.php?rest_route=\/wp\/v2\/pages\/144\/revisions"}],"predecessor-version":[{"id":42222,"href":"https:\/\/webto.colegiomayor.cl\/index.php?rest_route=\/wp\/v2\/pages\/144\/revisions\/42222"}],"up":[{"embeddable":true,"href":"https:\/\/webto.colegiomayor.cl\/index.php?rest_route=\/wp\/v2\/pages\/158"}],"wp:attachment":[{"href":"https:\/\/webto.colegiomayor.cl\/index.php?rest_route=%2Fwp%2Fv2%2Fmedia&parent=144"}],"curies":[{"name":"wp","href":"https:\/\/api.w.org\/{rel}","templated":true}]}}